{"id":301,"date":"2019-05-13T18:09:54","date_gmt":"2019-05-13T16:09:54","guid":{"rendered":"https:\/\/www.fqingenieria.com\/landing\/?page_id=301"},"modified":"2020-11-06T10:11:51","modified_gmt":"2020-11-06T09:11:51","slug":"aviso-legal","status":"publish","type":"page","link":"https:\/\/www.fqingenieria.com\/landing\/aviso-legal\/","title":{"rendered":"Aviso legal"},"content":{"rendered":"\n\n[et_pb_section fb_built=\u00bb1&#8243; module_id=\u00bbheader_top\u00bb _builder_version=\u00bb3.22.3&#8243; custom_margin=\u00bb10px||10px\u00bb custom_padding=\u00bb0||||false|false\u00bb global_module=\u00bb349&#8243; saved_tabs=\u00bball\u00bb][et_pb_row custom_padding=\u00bb0|0px|0|0px|false|false\u00bb module_class_1=\u00bbfirst-on-mobile two-columns\u00bb module_class_2=\u00bbthird-on-mobile\u00bb module_class_3=\u00bbsecond-on-mobile two-columns\u00bb module_class=\u00bbcustom_row\u00bb _builder_version=\u00bb3.22.7&#8243; max_width_phone=\u00bb50%\u00bb max_width_last_edited=\u00bboff|phone\u00bb][et_pb_column type=\u00bb1_3&#8243; _builder_version=\u00bb3.19.17&#8243;][et_pb_text _builder_version=\u00bb3.22.7&#8243; text_font=\u00bb||||||||\u00bb text_text_color=\u00bb#414141&#8243; text_font_size=\u00bb16px\u00bb text_letter_spacing=\u00bb1px\u00bb text_line_height=\u00bb1.5em\u00bb text_orientation=\u00bbright\u00bb]<p style=\"text-align: left;\"><a href=\"tel:+34932080258\"><strong>T. 93 208 02 58<\/strong><\/a><br \/><strong> <a href=\"mailto:info@fqingenieria.com\">info@fqingenieria.com<\/a><\/strong><\/p>[\/et_pb_text][\/et_pb_column][et_pb_column type=\u00bb1_3&#8243; _builder_version=\u00bb3.19.17&#8243;][et_pb_image src=\u00bbhttps:\/\/www.fqingenieria.com\/landing\/wp-content\/uploads\/2019\/04\/logo_fq.png\u00bb url=\u00bbhttps:\/\/www.fqingenieria.com\u00bb url_new_window=\u00bbon\u00bb show_bottom_space=\u00bboff\u00bb align=\u00bbcenter\u00bb align_tablet=\u00bbcenter\u00bb align_last_edited=\u00bbon|desktop\u00bb _builder_version=\u00bb3.23.3&#8243; max_width=\u00bb50%\u00bb custom_padding=\u00bb||\u00bb][\/et_pb_image][\/et_pb_column][et_pb_column type=\u00bb1_3&#8243; _builder_version=\u00bb3.19.17&#8243;][et_pb_text _builder_version=\u00bb3.22.7&#8243;]<span>\n<div role=\"navigation\" aria-label=\"Selector de idioma\" class=\"wpml-ls-statics-footer wpml-ls wpml-ls-legacy-list-horizontal\">\n\t<ul><li class=\"wpml-ls-slot-footer wpml-ls-item wpml-ls-item-es wpml-ls-current-language wpml-ls-first-item wpml-ls-item-legacy-list-horizontal\">\n\t\t\t\t<a href=\"https:\/\/www.fqingenieria.com\/landing\/\" hreflang=\"es\" lang=\"es\" class=\"wpml-ls-link\" aria-current=\"page\" aria-label=\"Cambiar a ES\" title=\"Cambiar a ES\">\n\t\t\t\t\t<span class=\"wpml-ls-native\">ES<\/span><\/a>\n\t\t\t<\/li><li class=\"wpml-ls-slot-footer wpml-ls-item wpml-ls-item-en wpml-ls-item-legacy-list-horizontal\">\n\t\t\t\t<a href=\"https:\/\/www.fqingenieria.com\/landing\/en\/\" hreflang=\"en\" lang=\"en\" class=\"wpml-ls-link\" aria-label=\"Cambiar a EN\" title=\"Cambiar a EN\">\n\t\t\t\t\t<span class=\"wpml-ls-native\">EN<\/span><\/a>\n\t\t\t<\/li><li class=\"wpml-ls-slot-footer wpml-ls-item wpml-ls-item-pt-pt wpml-ls-last-item wpml-ls-item-legacy-list-horizontal\">\n\t\t\t\t<a href=\"https:\/\/www.fqingenieria.com\/landing\/pt-pt\/\" hreflang=\"pt-pt\" lang=\"pt-pt\" class=\"wpml-ls-link\" aria-label=\"Cambiar a PT\" title=\"Cambiar a PT\">\n\t\t\t\t\t<span class=\"wpml-ls-native\">PT<\/span><\/a>\n\t\t\t<\/li><\/ul>\n<\/div>\n<\/span>[\/et_pb_text][\/et_pb_column][\/et_pb_row][\/et_pb_section][et_pb_section fb_built=\u00bb1&#8243; _builder_version=\u00bb3.22.3&#8243; min_height=\u00bb778px\u00bb custom_margin=\u00bb-3px|||||\u00bb custom_padding=\u00bb39px|0px|50px|0px|false|false\u00bb][et_pb_row _builder_version=\u00bb3.22.3&#8243;][et_pb_column type=\u00bb4_4&#8243; _builder_version=\u00bb3.19.17&#8243;][et_pb_text _builder_version=\u00bb3.22.7&#8243; header_font=\u00bb||||||||\u00bb header_font_size=\u00bb52px\u00bb custom_padding=\u00bb||0px|||\u00bb]<h1 style=\"text-align: center;\">Aviso legal<\/h1>[\/et_pb_text][et_pb_text _builder_version=\u00bb3.22.7&#8243;]<p>F.Q. INGENIERIA ELECTR\u00d3NICA, S.A., con C.I.F. A-08955809, domiciliada en\u00a0 (08812) Sant Pere de Ribes (BARCELONA), Avinguda Roquetes n\u00ba 9 e inscrita en el Registro Mercantil de Barcelona al tomo 26.097, folio 111, hoja B-73589, en adelante, en calidad de prestador del servicio, responsable de la\u00a0 p\u00e1gina web, pone a disposici\u00f3n de los clientes y usuarios el presente servicio, comprometi\u00e9ndose a respetar y proteger la privacidad de todas las personas que accedan al mismo, en base a las siguientes condiciones:<\/p>\n<p><strong>OBJETO.-<\/strong>\u00a0El objeto de estas condiciones generales es regular el acceso y uso que puedan realizar los usuarios al sitio web corporativo del prestador. Los usuarios, mediante la marcaci\u00f3n de la casilla correspondiente, aceptan expresamente y de forma libre e inequ\u00edvoca la presente pol\u00edtica de privacidad y los t\u00e9rminos del aviso legal.<\/p>\n<p>Toda persona que acceda a este sitio web asume el papel de usuario, comprometi\u00e9ndose a la observancia, sumisi\u00f3n y cumplimiento riguroso de las disposiciones aqu\u00ed establecidas, as\u00ed como a cualesquiera otra disposici\u00f3n legal que fuera de aplicaci\u00f3n. El prestador no ser\u00e1 responsable, en ning\u00fan caso, del funcionamiento inadecuado del sistema si ello obedece a una configuraci\u00f3n defectuosa de los equipos del usuario o de una capacidad insuficiente de los mismos para soportar los sistemas inform\u00e1ticos indispensables para poder hacer uso del servicio y visualizar los contenidos.<\/p>\n<p>El prestador se reserva el derecho a modificar cualquier tipo de informaci\u00f3n, contenido o servicio\u00a0 que pudiera aparecer en el sitio web, sin que exista obligaci\u00f3n de preavisar o poner en conocimiento de los usuarios dichas obligaciones, entendi\u00e9ndose como suficiente con la publicaci\u00f3n en el sitio web del prestador.\u00a0 Se insta a los usuarios a leer detenidamente estas condiciones generales de uso cada vez que se quiera acceder al sitio web corporativo, ya que puede sufrir modificaciones.\u00a0<\/p>\n<p><strong>USO.-\u00a0<\/strong>El acceso y uso del sitio web corporativo tiene car\u00e1cter gratuito para los usuarios y no exige registro previo con car\u00e1cter general. No obstante lo anterior, el prestador del servicio se reserva el derecho de reservar determinadas informaciones y servicios solamente a usuarios que se registren previamente.<\/p>\n<p>Asimismo, el prestador se reserva el derecho de, en cualquier momento, interrumpir el servicio sin aviso previo, por razones de seguridad, mantenimiento o cualquier otra causa, as\u00ed como denegar o retirar el acceso a determinados contenidos o servicios que se incluyen en el sitio web. El prestador se compromete a realizar todos los esfuerzos posibles para mantener actualizada la informaci\u00f3n y los contenidos que aparezcan en el sitio web corporativo, si bien el usuario acepta que pueden existir incorrecciones en los contenidos incluidos, que ser\u00e1n subsanados a la mayor brevedad posible por el prestador.\u00a0<\/p>\n<p>Los usuarios quedan obligados a no hacer un mal uso del sitio web corporativo ni a desarrollar actividades contrarias a estas condiciones, a las leyes, a la moral o al orden p\u00fablico. El usuario se abstendr\u00e1 de obtener o intentar obtener los contenidos o servicios prestados a trav\u00e9s del sitio web, excepto en aquellos casos en que la informaci\u00f3n sea puesta a disposici\u00f3n de los usuarios a trav\u00e9s de los medios adecuados.\u00a0<\/p>\n<p>El usuario se abstendr\u00e1 de realizar cualquier tipo de conducta que conduzca a la destrucci\u00f3n, alteraci\u00f3n, inutilizaci\u00f3n o da\u00f1os en los datos, contenidos, servicios, programas o documentos electr\u00f3nicos propiedad del prestador, as\u00ed como a la introducci\u00f3n, a trav\u00e9s de la red, de programas, virus, troyanos, gusanos, manipulaciones o cualquier instrumento electr\u00f3nico que cause o sea susceptible de causar cualquier tipo de alteraci\u00f3n o da\u00f1o en el sitio web del prestador o en los sistemas y equipos de otros usuarios.<\/p>\n<p>El usuario tendr\u00e1 que responder frente al prestador de los da\u00f1os y perjuicios que pueda sufrir el mismo como consecuencia del incumplimiento, por parte del usuario, de cualquiera de las condiciones y obligaciones establecidas en este aviso legal.<\/p>\n<p>La propiedad intelectual de los contenidos y servicios del sitio web, como son, a t\u00edtulo enunciativo pero no limitativo, la informaci\u00f3n, datos, textos, fotograf\u00edas, gr\u00e1ficos, bases de datos, dise\u00f1os, c\u00f3digos fuente, tecnolog\u00eda, programarios, y cualquier producto telem\u00e1tico, son propiedad exclusiva del prestador, o, en su caso, de terceros con los que existe la oportuna vinculaci\u00f3n, por lo cual el usuario se compromete a no infringir ning\u00fan derecho derivado de la propiedad industrial o intelectual de tales contenidos, por lo que queda completamente prohibida la reproducci\u00f3n total o parcial de esos contenidos, la transformaci\u00f3n comunicaci\u00f3n p\u00fablica, distribuci\u00f3n, puesta a disposici\u00f3n, extracci\u00f3n o cualquier otra f\u00f3rmula de explotaci\u00f3n de dichos contenidos, salvo que exista consentimiento expreso por parte del prestador o de cualquiera de los titulares de tales derechos.<\/p>\n<p>Todas las se\u00f1as distintivas que aparezcan en el sitio web, tales como marcas o nombres comerciales est\u00e1n protegidos por la legislaci\u00f3n vigente en materia de propiedad intelectual y son titularidad exclusiva del prestador o de terceros con los que existe la correspondiente vinculaci\u00f3n y autorizaci\u00f3n, por lo cual los usuarios no pueden hacer uso, reproducir, comunicar, explotar o utilizar tales signos distintivos sin el consentimiento expreso del prestador o del titular de dichos signos distintivos, en caso de ser un tercero. Los dise\u00f1os, logotipos, texto y\/o gr\u00e1ficos ajenos al prestador y que pudieran aparecer en el sitio web, pertenecen a sus respectivos propietarios, siendo ellos mismos responsables de cualquier posible controversia que pudiera suscitarse respecto a los mismos. En todo caso, el prestador cuenta con la autorizaci\u00f3n expresa y previa por parte de los mismos.<\/p>\n<p>Para realizar cualquier tipo de observaci\u00f3n respecto a posibles incumplimientos de los derechos de propiedad intelectual o industrial, as\u00ed como sobre cualquiera de los contenidos del sitio web, puede hacerlo a trav\u00e9s del siguiente correo electr\u00f3nico:\u00a0<a href=\"https:\/\/web.archive.org\/web\/20170205072159\/mailto:info@fqingenieria.com\">info@fqingenieria.com<\/a><\/p>\n<p><strong>COOKIES.-<\/strong>\u00a0El sitio web usa cookies para distinguir a cada usuario respecto del resto de usuarios del sitio web. Las cookies son ficheros enviados al navegador por medio de un servidor web con la finalidad de registrar las actividades del usuario durante su tiempo de navegaci\u00f3n. Si se almacena una cookie, la informaci\u00f3n contenida se puede enviar de vuelta a los servidores del prestador en su pr\u00f3xima visita al sitio web. Todos los datos proporcionados a trav\u00e9s del sitio web se almacenar\u00e1n en una base de datos mantenida por el prestador, bajo las condiciones establecidas por el Reglamento (UE) 2016\/679 del Parlamento Europeo y del Consejo de 27 Abril de 2016 (RGPD).<\/p>\n<p><strong>RESPONSABILIDAD.-<\/strong>\u00a0Los contenidos y servicios publicados en el sitio web no pretenden en ning\u00fan caso emitir ning\u00fan juicio sobre el nivel de fiabilidad de la informaci\u00f3n ofrecida. Por lo tanto, renunciamos a cualquier responsabilidad sobre el grado de fiabilidad depositado en dichos materiales.<\/p>\n<p>El prestador se exime de cualquier tipo de responsabilidad derivada de la informaci\u00f3n publicada en su sitio web, siempre que esta informaci\u00f3n haya sido manipulada o introducida por un tercero ajeno al mismo.<\/p>\n<p>Desde el sitio web es posible que se redirija a contenidos de terceros sitios web. Dado que el prestador no puede controlar siempre los contenidos introducidos por los terceros en sus sitios web, \u00e9ste no asume ning\u00fan tipo de responsabilidad respecto a dichos contenidos. En todo caso, el prestador manifiesta que proceder\u00e1 a la retirada inmediata de cualquier contenido que pudiera contravenir la legislaci\u00f3n nacional o internacional, la moral o el orden p\u00fablico, procediendo a la retirada inmediata de la redirecci\u00f3n a dicho sitio web, poniendo en conocimiento de las autoridades competentes el contenido en cuesti\u00f3n.<\/p>\n<p>La informaci\u00f3n contenida, en un momento dado, puede no ser correcta, pese a los esfuerzos del prestador de mantener su sitio web constantemente actualizado, as\u00ed como tampoco se puede garantizar la inexistencia de virus introducidos por terceros. Por tal motivo, el prestador no se responsabiliza de los da\u00f1os y perjuicios\u00a0 que puedan ocasionar a los usuarios derivados de errores contenidos en el sitio web, ni del correcto funcionamiento o exactitud de los enlaces contenidos en los mismos.<\/p>\n<p>El prestador no se hace responsable de la informaci\u00f3n y contenidos almacenados, a t\u00edtulo enunciativo pero no limitativo, en foros, chats, generadores de blogs, comentarios, redes sociales o cualesquiera otro medio que permita a terceros publicar contenidos de forma independiente en la p\u00e1gina web del prestador. En caso de que el usuario considere que existe en el sitio web alg\u00fan contenido que pudiera ser susceptible de esta clasificaci\u00f3n, se ruega lo notifique de forma inmediata al administrador del sitio web.<\/p>\n<p>Este sitio web ha sido realizado, dise\u00f1ado, revisado y probado para que funcione correctamente. Por tanto, en principio, puede garantizarse el correcto funcionamiento los 365 d\u00edas del a\u00f1o, 24 horas al d\u00eda. No obstante, el prestador no descarta la posibilidad de que existan ciertos errores de programaci\u00f3n, o que acontezcan causas de fuerza mayor, cat\u00e1strofes naturales, huelgas, o circunstancias semejantes que hagan imposible el acceso a la p\u00e1gina web, en cuyo caso, el prestador no se responsabiliza, en ning\u00fan caso, si el sitio web no est\u00e1 disponible en un momento o periodo determinado.<\/p>\n<p><strong>LEY APLICABLE Y JURISDICCI\u00d3N.-<\/strong>\u00a0Para la resoluci\u00f3n de todas las controversias o cuestiones relacionadas con el presente sitio web o de las actividades en \u00e9l desarrolladas, ser\u00e1 de aplicaci\u00f3n la legislaci\u00f3n espa\u00f1ola, a la que se someten expresamente las partes, siendo competentes para la resoluci\u00f3n de todos los conflictos derivados o relacionados con su uso los juzgados y tribunales de Barcelona.<\/p>\n<p>Fecha de publicaci\u00f3n: mayo 2018<\/p>[\/et_pb_text][\/et_pb_column][\/et_pb_row][\/et_pb_section][et_pb_section fb_built=\u00bb1&#8243; _builder_version=\u00bb3.22.3&#8243; background_color=\u00bb#e17f3a\u00bb custom_padding=\u00bb30px|0px|54px|0px|false|false\u00bb][et_pb_row custom_padding=\u00bb27px|0px|0|0px|false|false\u00bb _builder_version=\u00bb3.22.3&#8243;][et_pb_column type=\u00bb4_4&#8243; _builder_version=\u00bb3.19.17&#8243;][et_pb_cta title=\u00bbPara m\u00e1s informaci\u00f3n visita nuestra p\u00e1gina web\u00bb button_url=\u00bbhttps:\/\/www.fqingenieria.com\u00bb url_new_window=\u00bbon\u00bb button_text=\u00bbvisitar web\u00bb _builder_version=\u00bb3.22.7&#8243; use_background_color=\u00bboff\u00bb border_radii=\u00bbon|6px|6px|6px|6px\u00bb]<p>Soluciones de hardware especializado e ingenier\u00eda<\/p>[\/et_pb_cta][\/et_pb_column][\/et_pb_row][\/et_pb_section]\n\n","protected":false},"excerpt":{"rendered":"<p>T. 93 208 02 58 info@fqingenieria.com\n<div role=\"navigation\" aria-label=\"Selector de idioma\" class=\"wpml-ls-statics-footer wpml-ls wpml-ls-legacy-list-horizontal\">\n\t<ul><li class=\"wpml-ls-slot-footer wpml-ls-item wpml-ls-item-es wpml-ls-current-language wpml-ls-first-item wpml-ls-item-legacy-list-horizontal\">\n\t\t\t\t<a href=\"https:\/\/www.fqingenieria.com\/landing\/\" hreflang=\"es\" lang=\"es\" class=\"wpml-ls-link\" aria-current=\"page\" aria-label=\"Cambiar a ES\" title=\"Cambiar a ES\">\n\t\t\t\t\t<span class=\"wpml-ls-native\">ES<\/span><\/a>\n\t\t\t<\/li><li class=\"wpml-ls-slot-footer wpml-ls-item wpml-ls-item-en wpml-ls-item-legacy-list-horizontal\">\n\t\t\t\t<a href=\"https:\/\/www.fqingenieria.com\/landing\/en\/\" hreflang=\"en\" lang=\"en\" class=\"wpml-ls-link\" aria-label=\"Cambiar a EN\" title=\"Cambiar a EN\">\n\t\t\t\t\t<span class=\"wpml-ls-native\">EN<\/span><\/a>\n\t\t\t<\/li><li class=\"wpml-ls-slot-footer wpml-ls-item wpml-ls-item-pt-pt wpml-ls-last-item wpml-ls-item-legacy-list-horizontal\">\n\t\t\t\t<a href=\"https:\/\/www.fqingenieria.com\/landing\/pt-pt\/\" hreflang=\"pt-pt\" lang=\"pt-pt\" class=\"wpml-ls-link\" aria-label=\"Cambiar a PT\" title=\"Cambiar a PT\">\n\t\t\t\t\t<span class=\"wpml-ls-native\">PT<\/span><\/a>\n\t\t\t<\/li><\/ul>\n<\/div>\nAviso legalF.Q. INGENIERIA ELECTR\u00d3NICA, S.A., con C.I.F. A-08955809, domiciliada en\u00a0 (08812) Sant Pere de Ribes (BARCELONA), Avinguda Roquetes n\u00ba 9 e inscrita en el Registro Mercantil de Barcelona al tomo 26.097, folio 111, hoja B-73589, en adelante, en calidad de prestador del servicio, responsable de la\u00a0 [&hellip;]<\/p>\n","protected":false},"author":1,"featured_media":0,"parent":0,"menu_order":0,"comment_status":"closed","ping_status":"closed","template":"solo_footer.php","meta":{"_et_pb_use_builder":"on","_et_pb_old_content":"","_et_gb_content_width":"","footnotes":""},"yoast_head":"<!-- This site is optimized with the Yoast SEO plugin v20.4 - https:\/\/yoast.com\/wordpress\/plugins\/seo\/ -->\n<title>Aviso legal - FQ Ingenier\u00eda Electr\u00f3nica<\/title>\n<meta name=\"robots\" content=\"index, follow, max-snippet:-1, max-image-preview:large, max-video-preview:-1\" \/>\n<link rel=\"canonical\" href=\"https:\/\/www.fqingenieria.com\/landing\/aviso-legal\/\" \/>\n<meta property=\"og:locale\" content=\"es_ES\" \/>\n<meta property=\"og:type\" content=\"article\" \/>\n<meta property=\"og:title\" content=\"Aviso legal - FQ Ingenier\u00eda Electr\u00f3nica\" \/>\n<meta property=\"og:description\" content=\"T. 93 208 02 58 info@fqingenieria.comAviso legalF.Q. INGENIERIA ELECTR\u00d3NICA, S.A., con C.I.F. A-08955809, domiciliada en\u00a0 (08812) Sant Pere de Ribes (BARCELONA), Avinguda Roquetes n\u00ba 9 e inscrita en el Registro Mercantil de Barcelona al tomo 26.097, folio 111, hoja B-73589, en adelante, en calidad de prestador del servicio, responsable de la\u00a0 [&hellip;]\" \/>\n<meta property=\"og:url\" content=\"https:\/\/www.fqingenieria.com\/landing\/aviso-legal\/\" \/>\n<meta property=\"og:site_name\" content=\"FQ Ingenier\u00eda Electr\u00f3nica\" \/>\n<meta property=\"article:modified_time\" content=\"2020-11-06T09:11:51+00:00\" \/>\n<meta name=\"twitter:card\" content=\"summary_large_image\" \/>\n<meta name=\"twitter:label1\" content=\"Tiempo de lectura\" \/>\n\t<meta name=\"twitter:data1\" content=\"10 minutos\" \/>\n<script type=\"application\/ld+json\" class=\"yoast-schema-graph\">{\"@context\":\"https:\/\/schema.org\",\"@graph\":[{\"@type\":\"WebPage\",\"@id\":\"https:\/\/www.fqingenieria.com\/landing\/aviso-legal\/\",\"url\":\"https:\/\/www.fqingenieria.com\/landing\/aviso-legal\/\",\"name\":\"Aviso legal - FQ Ingenier\u00eda Electr\u00f3nica\",\"isPartOf\":{\"@id\":\"https:\/\/www.fqingenieria.com\/landing\/#website\"},\"datePublished\":\"2019-05-13T16:09:54+00:00\",\"dateModified\":\"2020-11-06T09:11:51+00:00\",\"breadcrumb\":{\"@id\":\"https:\/\/www.fqingenieria.com\/landing\/aviso-legal\/#breadcrumb\"},\"inLanguage\":\"es\",\"potentialAction\":[{\"@type\":\"ReadAction\",\"target\":[\"https:\/\/www.fqingenieria.com\/landing\/aviso-legal\/\"]}]},{\"@type\":\"BreadcrumbList\",\"@id\":\"https:\/\/www.fqingenieria.com\/landing\/aviso-legal\/#breadcrumb\",\"itemListElement\":[{\"@type\":\"ListItem\",\"position\":1,\"name\":\"Portada\",\"item\":\"https:\/\/www.fqingenieria.com\/landing\/\"},{\"@type\":\"ListItem\",\"position\":2,\"name\":\"Aviso legal\"}]},{\"@type\":\"WebSite\",\"@id\":\"https:\/\/www.fqingenieria.com\/landing\/#website\",\"url\":\"https:\/\/www.fqingenieria.com\/landing\/\",\"name\":\"FQ Ingenier\u00eda Electr\u00f3nica\",\"description\":\"Soluciones de identificaci\u00f3n por tarjeta, identificaci\u00f3n por rfid,  impresoras t\u00e9rmicas, lectores magn\u00e9ticos, teclados y sistemas de cursor industriales.\",\"potentialAction\":[{\"@type\":\"SearchAction\",\"target\":{\"@type\":\"EntryPoint\",\"urlTemplate\":\"https:\/\/www.fqingenieria.com\/landing\/?s={search_term_string}\"},\"query-input\":\"required name=search_term_string\"}],\"inLanguage\":\"es\"}]}<\/script>\n<!-- \/ Yoast SEO plugin. -->","yoast_head_json":{"title":"Aviso legal - FQ Ingenier\u00eda Electr\u00f3nica","robots":{"index":"index","follow":"follow","max-snippet":"max-snippet:-1","max-image-preview":"max-image-preview:large","max-video-preview":"max-video-preview:-1"},"canonical":"https:\/\/www.fqingenieria.com\/landing\/aviso-legal\/","og_locale":"es_ES","og_type":"article","og_title":"Aviso legal - FQ Ingenier\u00eda Electr\u00f3nica","og_description":"T. 93 208 02 58 info@fqingenieria.comAviso legalF.Q. INGENIERIA ELECTR\u00d3NICA, S.A., con C.I.F. A-08955809, domiciliada en\u00a0 (08812) Sant Pere de Ribes (BARCELONA), Avinguda Roquetes n\u00ba 9 e inscrita en el Registro Mercantil de Barcelona al tomo 26.097, folio 111, hoja B-73589, en adelante, en calidad de prestador del servicio, responsable de la\u00a0 [&hellip;]","og_url":"https:\/\/www.fqingenieria.com\/landing\/aviso-legal\/","og_site_name":"FQ Ingenier\u00eda Electr\u00f3nica","article_modified_time":"2020-11-06T09:11:51+00:00","twitter_card":"summary_large_image","twitter_misc":{"Tiempo de lectura":"10 minutos"},"schema":{"@context":"https:\/\/schema.org","@graph":[{"@type":"WebPage","@id":"https:\/\/www.fqingenieria.com\/landing\/aviso-legal\/","url":"https:\/\/www.fqingenieria.com\/landing\/aviso-legal\/","name":"Aviso legal - FQ Ingenier\u00eda Electr\u00f3nica","isPartOf":{"@id":"https:\/\/www.fqingenieria.com\/landing\/#website"},"datePublished":"2019-05-13T16:09:54+00:00","dateModified":"2020-11-06T09:11:51+00:00","breadcrumb":{"@id":"https:\/\/www.fqingenieria.com\/landing\/aviso-legal\/#breadcrumb"},"inLanguage":"es","potentialAction":[{"@type":"ReadAction","target":["https:\/\/www.fqingenieria.com\/landing\/aviso-legal\/"]}]},{"@type":"BreadcrumbList","@id":"https:\/\/www.fqingenieria.com\/landing\/aviso-legal\/#breadcrumb","itemListElement":[{"@type":"ListItem","position":1,"name":"Portada","item":"https:\/\/www.fqingenieria.com\/landing\/"},{"@type":"ListItem","position":2,"name":"Aviso legal"}]},{"@type":"WebSite","@id":"https:\/\/www.fqingenieria.com\/landing\/#website","url":"https:\/\/www.fqingenieria.com\/landing\/","name":"FQ Ingenier\u00eda Electr\u00f3nica","description":"Soluciones de identificaci\u00f3n por tarjeta, identificaci\u00f3n por rfid,  impresoras t\u00e9rmicas, lectores magn\u00e9ticos, teclados y sistemas de cursor industriales.","potentialAction":[{"@type":"SearchAction","target":{"@type":"EntryPoint","urlTemplate":"https:\/\/www.fqingenieria.com\/landing\/?s={search_term_string}"},"query-input":"required name=search_term_string"}],"inLanguage":"es"}]}},"_links":{"self":[{"href":"https:\/\/www.fqingenieria.com\/landing\/wp-json\/wp\/v2\/pages\/301"}],"collection":[{"href":"https:\/\/www.fqingenieria.com\/landing\/wp-json\/wp\/v2\/pages"}],"about":[{"href":"https:\/\/www.fqingenieria.com\/landing\/wp-json\/wp\/v2\/types\/page"}],"author":[{"embeddable":true,"href":"https:\/\/www.fqingenieria.com\/landing\/wp-json\/wp\/v2\/users\/1"}],"replies":[{"embeddable":true,"href":"https:\/\/www.fqingenieria.com\/landing\/wp-json\/wp\/v2\/comments?post=301"}],"version-history":[{"count":5,"href":"https:\/\/www.fqingenieria.com\/landing\/wp-json\/wp\/v2\/pages\/301\/revisions"}],"predecessor-version":[{"id":1347,"href":"https:\/\/www.fqingenieria.com\/landing\/wp-json\/wp\/v2\/pages\/301\/revisions\/1347"}],"wp:attachment":[{"href":"https:\/\/www.fqingenieria.com\/landing\/wp-json\/wp\/v2\/media?parent=301"}],"curies":[{"name":"wp","href":"https:\/\/api.w.org\/{rel}","templated":true}]}}