{"id":2845,"date":"2020-11-18T16:41:46","date_gmt":"2020-11-18T15:41:46","guid":{"rendered":"https:\/\/www.fqingenieria.com\/landing\/?page_id=2845"},"modified":"2021-09-08T17:21:01","modified_gmt":"2021-09-08T15:21:01","slug":"formulario-de-contato-android-chainway","status":"publish","type":"page","link":"https:\/\/www.fqingenieria.com\/landing\/pt-pt\/formulario-de-contato-android-chainway\/","title":{"rendered":"Formul\u00e1rio de Contato Android Chainway"},"content":{"rendered":"<p>[et_pb_section fb_built=&#8221;1&#8243; module_id=&#8221;header_top&#8221; _builder_version=&#8221;4.4.8&#8243; custom_margin=&#8221;10px||10px&#8221; custom_padding=&#8221;0||||false|false&#8221; saved_tabs=&#8221;all&#8221;][et_pb_row column_structure=&#8221;1_3,1_3,1_3&#8243; module_class=&#8221;custom_row&#8221; _builder_version=&#8221;4.4.8&#8243; max_width_phone=&#8221;50%&#8221; max_width_last_edited=&#8221;off|phone&#8221; custom_padding=&#8221;0|0px|0|0px|false|false&#8221;][et_pb_column type=&#8221;1_3&#8243; module_class=&#8221;first-on-mobile two-columns&#8221; _builder_version=&#8221;4.4.8&#8243; custom_padding=&#8221;|||&#8221; custom_padding__hover=&#8221;|||&#8221;][et_pb_text _builder_version=&#8221;3.27.4&#8243; text_font=&#8221;||||||||&#8221; text_text_color=&#8221;#414141&#8243; text_font_size=&#8221;16px&#8221; text_letter_spacing=&#8221;1px&#8221; text_line_height=&#8221;1.5em&#8221; text_orientation=&#8221;right&#8221;]<\/p>\n<p style=\"text-align: left;\"><a href=\"tel:+34932080258\"><strong>T. +34 932 080 258<\/strong><\/a><br \/>\n<strong> <a href=\"mailto:info@fqingenieria.com\">info@fqingenieria.com<\/a><\/strong><\/p>\n<p>[\/et_pb_text][\/et_pb_column][et_pb_column type=&#8221;1_3&#8243; module_class=&#8221;third-on-mobile&#8221; _builder_version=&#8221;3.25&#8243; custom_padding=&#8221;|||&#8221; custom_padding__hover=&#8221;|||&#8221;][et_pb_image src=&#8221;https:\/\/www.fqingenieria.com\/landing\/wp-content\/uploads\/2019\/04\/logo_fq.png&#8221; show_in_lightbox=&#8221;on&#8221; show_bottom_space=&#8221;off&#8221; align=&#8221;center&#8221; align_tablet=&#8221;center&#8221; align_phone=&#8221;&#8221; align_last_edited=&#8221;on|desktop&#8221; _builder_version=&#8221;4.4.8&#8243; max_width=&#8221;50%&#8221; custom_padding=&#8221;||&#8221;][\/et_pb_image][\/et_pb_column][et_pb_column type=&#8221;1_3&#8243; module_class=&#8221;second-on-mobile two-columns&#8221; _builder_version=&#8221;3.25&#8243; custom_padding=&#8221;|||&#8221; custom_padding__hover=&#8221;|||&#8221;][et_pb_text _builder_version=&#8221;4.4.8&#8243;]\n<div role=\"navigation\" aria-label=\"Alternador de Idioma\" class=\"wpml-ls-statics-footer wpml-ls wpml-ls-legacy-list-horizontal\">\n\t<ul><li class=\"wpml-ls-slot-footer wpml-ls-item wpml-ls-item-es wpml-ls-first-item wpml-ls-item-legacy-list-horizontal\">\n\t\t\t\t<a href=\"https:\/\/www.fqingenieria.com\/landing\/\" hreflang=\"es\" lang=\"es\" class=\"wpml-ls-link\" aria-label=\"Switch to ES\" title=\"Switch to ES\">\n\t\t\t\t\t<span class=\"wpml-ls-native\">ES<\/span><\/a>\n\t\t\t<\/li><li class=\"wpml-ls-slot-footer wpml-ls-item wpml-ls-item-en wpml-ls-item-legacy-list-horizontal\">\n\t\t\t\t<a href=\"https:\/\/www.fqingenieria.com\/landing\/en\/\" hreflang=\"en\" lang=\"en\" class=\"wpml-ls-link\" aria-label=\"Switch to EN\" title=\"Switch to EN\">\n\t\t\t\t\t<span class=\"wpml-ls-native\">EN<\/span><\/a>\n\t\t\t<\/li><li class=\"wpml-ls-slot-footer wpml-ls-item wpml-ls-item-pt-pt wpml-ls-current-language wpml-ls-last-item wpml-ls-item-legacy-list-horizontal\">\n\t\t\t\t<a href=\"https:\/\/www.fqingenieria.com\/landing\/pt-pt\/\" hreflang=\"pt-pt\" lang=\"pt-pt\" class=\"wpml-ls-link\" aria-current=\"page\" aria-label=\"Switch to PT\" title=\"Switch to PT\">\n\t\t\t\t\t<span class=\"wpml-ls-native\">PT<\/span><\/a>\n\t\t\t<\/li><\/ul>\n<\/div>\n[\/et_pb_text][\/et_pb_column][\/et_pb_row][\/et_pb_section][et_pb_section fb_built=&#8221;1&#8243; fullwidth=&#8221;on&#8221; _builder_version=&#8221;4.4.8&#8243;][et_pb_fullwidth_slider _builder_version=&#8221;4.4.8&#8243;][et_pb_slide _builder_version=&#8221;4.4.8&#8243; background_image=&#8221;https:\/\/www.fqingenieria.com\/landing\/wp-content\/uploads\/2020\/09\/imagen-hoja-contacto.jpg&#8221; background_enable_image=&#8221;on&#8221; sticky_transition=&#8221;on&#8221;][\/et_pb_slide][\/et_pb_fullwidth_slider][\/et_pb_section][et_pb_section fb_built=&#8221;1&#8243; fullwidth=&#8221;on&#8221; disabled_on=&#8221;on|on|off&#8221; _builder_version=&#8221;4.4.8&#8243; background_color=&#8221;#414141&#8243;][et_pb_fullwidth_menu menu_id=&#8221;38&#8243; active_link_color=&#8221;#414141&#8243; logo_url_new_window=&#8221;on&#8221; disabled_on=&#8221;on|on|off&#8221; _builder_version=&#8221;4.6.6&#8243; link_option_url_new_window=&#8221;on&#8221;][\/et_pb_fullwidth_menu][\/et_pb_section][et_pb_section fb_built=&#8221;1&#8243; _builder_version=&#8221;4.4.8&#8243;][et_pb_row _builder_version=&#8221;4.4.8&#8243;][et_pb_column type=&#8221;4_4&#8243; _builder_version=&#8221;4.4.8&#8243;][et_pb_text _builder_version=&#8221;4.6.6&#8243; hover_enabled=&#8221;0&#8243; sticky_enabled=&#8221;0&#8243;]<\/p>\n<h2 style=\"text-align: center;\">ENTRE EM CONTATO CONOSCO<\/h2>\n<p>&nbsp;<\/p>\n<p>Preencha o seguinte formul\u00e1rio se deseja receber informa\u00e7\u00f5es ou solicitar um or\u00e7amento para nossos productos. Um de nossos representantes entrar\u00e1 em contato com voc\u00ea o mais vreve poss\u00edvel.<\/p>\n<p>[\/et_pb_text][\/et_pb_column][\/et_pb_row][\/et_pb_section][et_pb_section fb_built=&#8221;1&#8243; _builder_version=&#8221;4.4.8&#8243; custom_margin=&#8221;-92px|||||&#8221;][et_pb_row _builder_version=&#8221;4.4.8&#8243;][et_pb_column type=&#8221;4_4&#8243; _builder_version=&#8221;4.4.8&#8243;][et_pb_code module_class=&#8221;formulario shadowbox&#8221; _builder_version=&#8221;4.4.8&#8243; use_background_color_gradient=&#8221;on&#8221; background_color_gradient_start=&#8221;#bfc120&#8243; background_color_gradient_end=&#8221;#18739c&#8221; custom_padding=&#8221;15px|15px|15px|15px|true|true&#8221;]<pee>\n<div class=\"wpcf7 no-js\" id=\"wpcf7-f1004-o1\" lang=\"es-ES\" dir=\"ltr\">\n<div class=\"screen-reader-response\"><p role=\"status\" aria-live=\"polite\" aria-atomic=\"true\"><\/p> <ul><\/ul><\/div>\n<form action=\"\/landing\/pt-pt\/wp-json\/wp\/v2\/pages\/2845#wpcf7-f1004-o1\" method=\"post\" class=\"wpcf7-form init\" aria-label=\"Formulario de contacto\" novalidate=\"novalidate\" data-status=\"init\">\n<div style=\"display: none;\">\n<input type=\"hidden\" name=\"_wpcf7\" value=\"1004\" \/>\n<input type=\"hidden\" name=\"_wpcf7_version\" value=\"5.7.7\" \/>\n<input type=\"hidden\" name=\"_wpcf7_locale\" value=\"es_ES\" \/>\n<input type=\"hidden\" name=\"_wpcf7_unit_tag\" value=\"wpcf7-f1004-o1\" \/>\n<input type=\"hidden\" name=\"_wpcf7_container_post\" value=\"0\" \/>\n<input type=\"hidden\" name=\"_wpcf7_posted_data_hash\" value=\"\" \/>\n<input type=\"hidden\" name=\"_wpcf7_recaptcha_response\" value=\"\" \/>\n<\/div>\n<p><span class=\"wpcf7-form-control-wrap\" data-name=\"your-name\"><input size=\"40\" class=\"wpcf7-form-control wpcf7-text wpcf7-validates-as-required\" aria-required=\"true\" aria-invalid=\"false\" placeholder=\"Nome*\" value=\"\" type=\"text\" name=\"your-name\" \/><\/span><br \/>\n<span class=\"wpcf7-form-control-wrap\" data-name=\"your-email\"><input size=\"40\" class=\"wpcf7-form-control wpcf7-text wpcf7-email wpcf7-validates-as-required wpcf7-validates-as-email\" aria-required=\"true\" aria-invalid=\"false\" placeholder=\"Email*\" value=\"\" type=\"email\" name=\"your-email\" \/><\/span><br \/>\n<span class=\"wpcf7-form-control-wrap\" data-name=\"your-message\"><textarea cols=\"40\" rows=\"10\" class=\"wpcf7-form-control wpcf7-textarea\" aria-invalid=\"false\" placeholder=\"Escreva sua mensagem\" name=\"your-message\"><\/textarea><\/span>\n<\/p>\n<div class=\"formulario-check\">\n\t<p><span class=\"wpcf7-form-control-wrap\" data-name=\"acceptance-816\"><span class=\"wpcf7-form-control wpcf7-acceptance\"><span class=\"wpcf7-list-item\"><input type=\"checkbox\" name=\"acceptance-816\" value=\"1\" aria-invalid=\"false\" \/><\/span><\/span><\/span> Eu li e aceito a <a target=\"_blank\" href=\"https:\/\/www.fqingenieria.com\/es\/empresa\/privacidad-y-cookies\">pol\u00edtica de privacidade<\/a>\n\t<\/p>\n<\/div>\n<p><button class=\"wpcf7-form-control has-spinner et_pb_button et_pb_bg_layout_light wpcf7-submit\" type=\"submit\" value=\"Enviar\">Enviar<\/button>\n<\/p>\n<div class=\"formulario-acceptance\">\n\t<p>Em nome da empresa, tratamos as informa\u00e7\u00f5es que voc\u00ea nos fornece a fim de enviar-lhe publicidade relacionada aos nossos produtos e servi\u00e7os por qualquer meio (postal, email ou telefone) e convidamos voc\u00ea a participar de eventos organizados pela empresa. Os dados fornecidos ser\u00e3o mantidos at\u00e9 que voc\u00ea solicite a cessa\u00e7\u00e3o da atividade. Os dados n\u00e3o ser\u00e3o transferidos a terceiros, exceto nos casos em que haja uma obriga\u00e7\u00e3o legal. Voc\u00ea tem o direito de obter confirma\u00e7\u00e3o sobre se na FQ ENGENIERIA ELECTRONICA, S.A. Estamos tratando seus dados pessoais para que voc\u00ea tenha o direito de acessar seus dados pessoais, corrigir os dados imprecisos ou solicitar sua exclus\u00e3o quando os dados n\u00e3o forem mais necess\u00e1rios para os prop\u00f3sitos que foram coletados. Para mais detalhes voc\u00ea pode verificar o nosso <a target=\"_blank\" href=\"https:\/\/www.fqingenieria.com\/es\/empresa\/privacidad-y-cookies\">pol\u00edtica de privacidade<\/a>.\n\t<\/p>\n<\/div><div class=\"wpcf7-response-output\" aria-hidden=\"true\"><\/div>\n<\/form>\n<\/div>\n<\/pee>[\/et_pb_code][\/et_pb_column][\/et_pb_row][\/et_pb_section]<\/p>\n","protected":false},"excerpt":{"rendered":"<p>T. +34 932 080 258 info@fqingenieria.com\n<div role=\"navigation\" aria-label=\"Alternador de Idioma\" class=\"wpml-ls-statics-footer wpml-ls wpml-ls-legacy-list-horizontal\">\n\t<ul><li class=\"wpml-ls-slot-footer wpml-ls-item wpml-ls-item-es wpml-ls-first-item wpml-ls-item-legacy-list-horizontal\">\n\t\t\t\t<a href=\"https:\/\/www.fqingenieria.com\/landing\/\" hreflang=\"es\" lang=\"es\" class=\"wpml-ls-link\" aria-label=\"Switch to ES\" title=\"Switch to ES\">\n\t\t\t\t\t<span class=\"wpml-ls-native\">ES<\/span><\/a>\n\t\t\t<\/li><li class=\"wpml-ls-slot-footer wpml-ls-item wpml-ls-item-en wpml-ls-item-legacy-list-horizontal\">\n\t\t\t\t<a href=\"https:\/\/www.fqingenieria.com\/landing\/en\/\" hreflang=\"en\" lang=\"en\" class=\"wpml-ls-link\" aria-label=\"Switch to EN\" title=\"Switch to EN\">\n\t\t\t\t\t<span class=\"wpml-ls-native\">EN<\/span><\/a>\n\t\t\t<\/li><li class=\"wpml-ls-slot-footer wpml-ls-item wpml-ls-item-pt-pt wpml-ls-current-language wpml-ls-last-item wpml-ls-item-legacy-list-horizontal\">\n\t\t\t\t<a href=\"https:\/\/www.fqingenieria.com\/landing\/pt-pt\/\" hreflang=\"pt-pt\" lang=\"pt-pt\" class=\"wpml-ls-link\" aria-current=\"page\" aria-label=\"Switch to PT\" title=\"Switch to PT\">\n\t\t\t\t\t<span class=\"wpml-ls-native\">PT<\/span><\/a>\n\t\t\t<\/li><\/ul>\n<\/div>\nENTRE EM CONTATO CONOSCO &nbsp; Preencha o seguinte formul\u00e1rio se deseja receber informa\u00e7\u00f5es ou solicitar um or\u00e7amento para nossos productos. Um de nossos representantes entrar\u00e1 em contato com voc\u00ea o mais vreve poss\u00edvel. \n<div class=\"wpcf7 no-js\" id=\"wpcf7-f1004-o2\" lang=\"es-ES\" dir=\"ltr\">\n<div class=\"screen-reader-response\"><p role=\"status\" aria-live=\"polite\" aria-atomic=\"true\"><\/p> <ul><\/ul><\/div>\n<form action=\"\/landing\/pt-pt\/wp-json\/wp\/v2\/pages\/2845#wpcf7-f1004-o2\" method=\"post\" class=\"wpcf7-form init\" aria-label=\"Formulario de contacto\" novalidate=\"novalidate\" data-status=\"init\">\n<div style=\"display: none;\">\n<input type=\"hidden\" name=\"_wpcf7\" value=\"1004\" \/>\n<input type=\"hidden\" name=\"_wpcf7_version\" value=\"5.7.7\" \/>\n<input type=\"hidden\" name=\"_wpcf7_locale\" value=\"es_ES\" \/>\n<input type=\"hidden\" name=\"_wpcf7_unit_tag\" value=\"wpcf7-f1004-o2\" \/>\n<input type=\"hidden\" name=\"_wpcf7_container_post\" value=\"0\" \/>\n<input type=\"hidden\" name=\"_wpcf7_posted_data_hash\" value=\"\" \/>\n<input type=\"hidden\" name=\"_wpcf7_recaptcha_response\" value=\"\" \/>\n<\/div>\n<p><span class=\"wpcf7-form-control-wrap\" data-name=\"your-name\"><input size=\"40\" class=\"wpcf7-form-control wpcf7-text wpcf7-validates-as-required\" aria-required=\"true\" aria-invalid=\"false\" placeholder=\"Nome*\" value=\"\" type=\"text\" name=\"your-name\" \/><\/span><br \/>\n<span class=\"wpcf7-form-control-wrap\" data-name=\"your-email\"><input size=\"40\" class=\"wpcf7-form-control wpcf7-text wpcf7-email wpcf7-validates-as-required wpcf7-validates-as-email\" aria-required=\"true\" aria-invalid=\"false\" placeholder=\"Email*\" value=\"\" type=\"email\" name=\"your-email\" \/><\/span><br \/>\n<span class=\"wpcf7-form-control-wrap\" data-name=\"your-message\"><textarea cols=\"40\" rows=\"10\" class=\"wpcf7-form-control wpcf7-textarea\" aria-invalid=\"false\" placeholder=\"Escreva sua mensagem\" name=\"your-message\"><\/textarea><\/span>\n<\/p>\n<div class=\"formulario-check\">\n\t<p><span class=\"wpcf7-form-control-wrap\" data-name=\"acceptance-816\"><span class=\"wpcf7-form-control wpcf7-acceptance\"><span class=\"wpcf7-list-item\"><input type=\"checkbox\" name=\"acceptance-816\" value=\"1\" aria-invalid=\"false\" \/><\/span><\/span><\/span> Eu li e aceito a <a target=\"_blank\" href=\"https:\/\/www.fqingenieria.com\/es\/empresa\/privacidad-y-cookies\">pol\u00edtica de privacidade<\/a>\n\t<\/p>\n<\/div>\n<p><button class=\"wpcf7-form-control has-spinner et_pb_button et_pb_bg_layout_light wpcf7-submit\" type=\"submit\" value=\"Enviar\">Enviar<\/button>\n<\/p>\n<div class=\"formulario-acceptance\">\n\t<p>Em nome da empresa, tratamos as informa\u00e7\u00f5es que voc\u00ea nos fornece a fim de enviar-lhe publicidade relacionada aos nossos produtos e servi\u00e7os por qualquer meio (postal, email ou telefone) e convidamos voc\u00ea a participar de eventos organizados pela empresa. Os dados fornecidos ser\u00e3o mantidos at\u00e9 que voc\u00ea solicite a cessa\u00e7\u00e3o da atividade. Os dados n\u00e3o ser\u00e3o transferidos a terceiros, exceto nos casos em que haja uma obriga\u00e7\u00e3o legal. Voc\u00ea tem o direito de obter confirma\u00e7\u00e3o sobre se na FQ ENGENIERIA ELECTRONICA, S.A. Estamos tratando seus dados pessoais para que voc\u00ea tenha o direito de acessar seus dados pessoais, corrigir os dados imprecisos ou solicitar sua exclus\u00e3o quando os dados n\u00e3o forem mais necess\u00e1rios para os prop\u00f3sitos que foram coletados. Para mais detalhes voc\u00ea pode verificar o nosso <a target=\"_blank\" href=\"https:\/\/www.fqingenieria.com\/es\/empresa\/privacidad-y-cookies\">pol\u00edtica de privacidade<\/a>.\n\t<\/p>\n<\/div><div class=\"wpcf7-response-output\" aria-hidden=\"true\"><\/div>\n<\/form>\n<\/div>\n<\/p>\n","protected":false},"author":2,"featured_media":0,"parent":0,"menu_order":0,"comment_status":"closed","ping_status":"closed","template":"solo_footer.php","meta":{"_et_pb_use_builder":"on","_et_pb_old_content":"","_et_gb_content_width":"","footnotes":""},"yoast_head":"<!-- This site is optimized with the Yoast SEO plugin v20.4 - https:\/\/yoast.com\/wordpress\/plugins\/seo\/ -->\n<title>Formul\u00e1rio de Contato Android Chainway - FQ Ingenier\u00eda Electr\u00f3nica<\/title>\n<meta name=\"description\" content=\"Terminais port\u00e1teis robustos Android Chainway. C\u00f3digo de barras e leitura RFID UHF. Grossista e servi\u00e7o t\u00e9cnico autorizado.\" \/>\n<meta name=\"robots\" content=\"index, follow, max-snippet:-1, max-image-preview:large, max-video-preview:-1\" \/>\n<link rel=\"canonical\" href=\"https:\/\/www.fqingenieria.com\/landing\/pt-pt\/formulario-de-contato-android-chainway\/\" \/>\n<meta property=\"og:locale\" content=\"pt_PT\" \/>\n<meta property=\"og:type\" content=\"article\" \/>\n<meta property=\"og:title\" content=\"Formul\u00e1rio de Contato Android Chainway - FQ Ingenier\u00eda Electr\u00f3nica\" \/>\n<meta property=\"og:description\" content=\"Terminais port\u00e1teis robustos Android Chainway. C\u00f3digo de barras e leitura RFID UHF. Grossista e servi\u00e7o t\u00e9cnico autorizado.\" \/>\n<meta property=\"og:url\" content=\"https:\/\/www.fqingenieria.com\/landing\/pt-pt\/formulario-de-contato-android-chainway\/\" \/>\n<meta property=\"og:site_name\" content=\"FQ Ingenier\u00eda Electr\u00f3nica\" \/>\n<meta property=\"article:modified_time\" content=\"2021-09-08T15:21:01+00:00\" \/>\n<meta name=\"twitter:card\" content=\"summary_large_image\" \/>\n<meta name=\"twitter:label1\" content=\"Tempo estimado de leitura\" \/>\n\t<meta name=\"twitter:data1\" content=\"2 minutos\" \/>\n<script type=\"application\/ld+json\" class=\"yoast-schema-graph\">{\"@context\":\"https:\/\/schema.org\",\"@graph\":[{\"@type\":\"WebPage\",\"@id\":\"https:\/\/www.fqingenieria.com\/landing\/pt-pt\/formulario-de-contato-android-chainway\/\",\"url\":\"https:\/\/www.fqingenieria.com\/landing\/pt-pt\/formulario-de-contato-android-chainway\/\",\"name\":\"Formul\u00e1rio de Contato Android Chainway - FQ Ingenier\u00eda Electr\u00f3nica\",\"isPartOf\":{\"@id\":\"https:\/\/www.fqingenieria.com\/landing\/pt-pt\/#website\"},\"datePublished\":\"2020-11-18T15:41:46+00:00\",\"dateModified\":\"2021-09-08T15:21:01+00:00\",\"description\":\"Terminais port\u00e1teis robustos Android Chainway. C\u00f3digo de barras e leitura RFID UHF. Grossista e servi\u00e7o t\u00e9cnico autorizado.\",\"breadcrumb\":{\"@id\":\"https:\/\/www.fqingenieria.com\/landing\/pt-pt\/formulario-de-contato-android-chainway\/#breadcrumb\"},\"inLanguage\":\"pt-PT\",\"potentialAction\":[{\"@type\":\"ReadAction\",\"target\":[\"https:\/\/www.fqingenieria.com\/landing\/pt-pt\/formulario-de-contato-android-chainway\/\"]}]},{\"@type\":\"BreadcrumbList\",\"@id\":\"https:\/\/www.fqingenieria.com\/landing\/pt-pt\/formulario-de-contato-android-chainway\/#breadcrumb\",\"itemListElement\":[{\"@type\":\"ListItem\",\"position\":1,\"name\":\"Portada\",\"item\":\"https:\/\/www.fqingenieria.com\/landing\/pt-pt\/\"},{\"@type\":\"ListItem\",\"position\":2,\"name\":\"Formul\u00e1rio de Contato Android Chainway\"}]},{\"@type\":\"WebSite\",\"@id\":\"https:\/\/www.fqingenieria.com\/landing\/pt-pt\/#website\",\"url\":\"https:\/\/www.fqingenieria.com\/landing\/pt-pt\/\",\"name\":\"FQ Ingenier\u00eda Electr\u00f3nica\",\"description\":\"Soluciones de identificaci\u00f3n por tarjeta, identificaci\u00f3n por rfid,  impresoras t\u00e9rmicas, lectores magn\u00e9ticos, teclados y sistemas de cursor industriales.\",\"potentialAction\":[{\"@type\":\"SearchAction\",\"target\":{\"@type\":\"EntryPoint\",\"urlTemplate\":\"https:\/\/www.fqingenieria.com\/landing\/pt-pt\/?s={search_term_string}\"},\"query-input\":\"required name=search_term_string\"}],\"inLanguage\":\"pt-PT\"}]}<\/script>\n<!-- \/ Yoast SEO plugin. -->","yoast_head_json":{"title":"Formul\u00e1rio de Contato Android Chainway - FQ Ingenier\u00eda Electr\u00f3nica","description":"Terminais port\u00e1teis robustos Android Chainway. C\u00f3digo de barras e leitura RFID UHF. Grossista e servi\u00e7o t\u00e9cnico autorizado.","robots":{"index":"index","follow":"follow","max-snippet":"max-snippet:-1","max-image-preview":"max-image-preview:large","max-video-preview":"max-video-preview:-1"},"canonical":"https:\/\/www.fqingenieria.com\/landing\/pt-pt\/formulario-de-contato-android-chainway\/","og_locale":"pt_PT","og_type":"article","og_title":"Formul\u00e1rio de Contato Android Chainway - FQ Ingenier\u00eda Electr\u00f3nica","og_description":"Terminais port\u00e1teis robustos Android Chainway. C\u00f3digo de barras e leitura RFID UHF. Grossista e servi\u00e7o t\u00e9cnico autorizado.","og_url":"https:\/\/www.fqingenieria.com\/landing\/pt-pt\/formulario-de-contato-android-chainway\/","og_site_name":"FQ Ingenier\u00eda Electr\u00f3nica","article_modified_time":"2021-09-08T15:21:01+00:00","twitter_card":"summary_large_image","twitter_misc":{"Tempo estimado de leitura":"2 minutos"},"schema":{"@context":"https:\/\/schema.org","@graph":[{"@type":"WebPage","@id":"https:\/\/www.fqingenieria.com\/landing\/pt-pt\/formulario-de-contato-android-chainway\/","url":"https:\/\/www.fqingenieria.com\/landing\/pt-pt\/formulario-de-contato-android-chainway\/","name":"Formul\u00e1rio de Contato Android Chainway - FQ Ingenier\u00eda Electr\u00f3nica","isPartOf":{"@id":"https:\/\/www.fqingenieria.com\/landing\/pt-pt\/#website"},"datePublished":"2020-11-18T15:41:46+00:00","dateModified":"2021-09-08T15:21:01+00:00","description":"Terminais port\u00e1teis robustos Android Chainway. C\u00f3digo de barras e leitura RFID UHF. Grossista e servi\u00e7o t\u00e9cnico autorizado.","breadcrumb":{"@id":"https:\/\/www.fqingenieria.com\/landing\/pt-pt\/formulario-de-contato-android-chainway\/#breadcrumb"},"inLanguage":"pt-PT","potentialAction":[{"@type":"ReadAction","target":["https:\/\/www.fqingenieria.com\/landing\/pt-pt\/formulario-de-contato-android-chainway\/"]}]},{"@type":"BreadcrumbList","@id":"https:\/\/www.fqingenieria.com\/landing\/pt-pt\/formulario-de-contato-android-chainway\/#breadcrumb","itemListElement":[{"@type":"ListItem","position":1,"name":"Portada","item":"https:\/\/www.fqingenieria.com\/landing\/pt-pt\/"},{"@type":"ListItem","position":2,"name":"Formul\u00e1rio de Contato Android Chainway"}]},{"@type":"WebSite","@id":"https:\/\/www.fqingenieria.com\/landing\/pt-pt\/#website","url":"https:\/\/www.fqingenieria.com\/landing\/pt-pt\/","name":"FQ Ingenier\u00eda Electr\u00f3nica","description":"Soluciones de identificaci\u00f3n por tarjeta, identificaci\u00f3n por rfid,  impresoras t\u00e9rmicas, lectores magn\u00e9ticos, teclados y sistemas de cursor industriales.","potentialAction":[{"@type":"SearchAction","target":{"@type":"EntryPoint","urlTemplate":"https:\/\/www.fqingenieria.com\/landing\/pt-pt\/?s={search_term_string}"},"query-input":"required name=search_term_string"}],"inLanguage":"pt-PT"}]}},"_links":{"self":[{"href":"https:\/\/www.fqingenieria.com\/landing\/pt-pt\/wp-json\/wp\/v2\/pages\/2845"}],"collection":[{"href":"https:\/\/www.fqingenieria.com\/landing\/pt-pt\/wp-json\/wp\/v2\/pages"}],"about":[{"href":"https:\/\/www.fqingenieria.com\/landing\/pt-pt\/wp-json\/wp\/v2\/types\/page"}],"author":[{"embeddable":true,"href":"https:\/\/www.fqingenieria.com\/landing\/pt-pt\/wp-json\/wp\/v2\/users\/2"}],"replies":[{"embeddable":true,"href":"https:\/\/www.fqingenieria.com\/landing\/pt-pt\/wp-json\/wp\/v2\/comments?post=2845"}],"version-history":[{"count":8,"href":"https:\/\/www.fqingenieria.com\/landing\/pt-pt\/wp-json\/wp\/v2\/pages\/2845\/revisions"}],"predecessor-version":[{"id":8223,"href":"https:\/\/www.fqingenieria.com\/landing\/pt-pt\/wp-json\/wp\/v2\/pages\/2845\/revisions\/8223"}],"wp:attachment":[{"href":"https:\/\/www.fqingenieria.com\/landing\/pt-pt\/wp-json\/wp\/v2\/media?parent=2845"}],"curies":[{"name":"wp","href":"https:\/\/api.w.org\/{rel}","templated":true}]}}