{"id":1020,"date":"2019-07-15T12:19:25","date_gmt":"2019-07-15T10:19:25","guid":{"rendered":"https:\/\/www.fqingenieria.com\/landing\/aviso-legal\/"},"modified":"2021-09-09T13:39:05","modified_gmt":"2021-09-09T11:39:05","slug":"aviso-legal","status":"publish","type":"page","link":"https:\/\/www.fqingenieria.com\/landing\/pt-pt\/aviso-legal\/","title":{"rendered":"Aviso legal"},"content":{"rendered":"<p>[et_pb_section fb_built=&#8221;1&#8243; module_id=&#8221;header_top&#8221; _builder_version=&#8221;3.22.3&#8243; custom_margin=&#8221;10px||10px&#8221; custom_padding=&#8221;0||||false|false&#8221; saved_tabs=&#8221;all&#8221; global_colors_info=&#8221;{}&#8221;][et_pb_row column_structure=&#8221;1_3,1_3,1_3&#8243; module_class=&#8221;custom_row&#8221; _builder_version=&#8221;3.25&#8243; max_width_phone=&#8221;50%&#8221; max_width_last_edited=&#8221;off|phone&#8221; custom_padding=&#8221;0|0px|0|0px|false|false&#8221; global_colors_info=&#8221;{}&#8221;][et_pb_column type=&#8221;1_3&#8243; module_class=&#8221;first-on-mobile two-columns&#8221; _builder_version=&#8221;3.25&#8243; custom_padding=&#8221;|||&#8221; global_colors_info=&#8221;{}&#8221; custom_padding__hover=&#8221;|||&#8221;][et_pb_text _builder_version=&#8221;3.27.4&#8243; text_font=&#8221;||||||||&#8221; text_text_color=&#8221;#414141&#8243; text_font_size=&#8221;16px&#8221; text_letter_spacing=&#8221;1px&#8221; text_line_height=&#8221;1.5em&#8221; text_orientation=&#8221;right&#8221; global_colors_info=&#8221;{}&#8221;]<\/p>\n<p style=\"text-align: left;\"><a href=\"tel:+34932080258\"><strong>T. +34 932 080 258<\/strong><\/a><br \/>\n<strong> <a href=\"mailto:info@fqingenieria.com\">info@fqingenieria.com<\/a><\/strong><\/p>\n<p>[\/et_pb_text][\/et_pb_column][et_pb_column type=&#8221;1_3&#8243; module_class=&#8221;third-on-mobile&#8221; _builder_version=&#8221;3.25&#8243; custom_padding=&#8221;|||&#8221; global_colors_info=&#8221;{}&#8221; custom_padding__hover=&#8221;|||&#8221;][et_pb_image src=&#8221;https:\/\/www.fqingenieria.com\/landing\/wp-content\/uploads\/2019\/04\/logo_fq.png&#8221; url=&#8221;https:\/\/www.fqingenieria.com&#8221; url_new_window=&#8221;on&#8221; show_bottom_space=&#8221;off&#8221; align=&#8221;center&#8221; align_tablet=&#8221;center&#8221; align_phone=&#8221;&#8221; align_last_edited=&#8221;on|desktop&#8221; _builder_version=&#8221;3.23.3&#8243; max_width=&#8221;50%&#8221; custom_padding=&#8221;||&#8221; global_colors_info=&#8221;{}&#8221;][\/et_pb_image][\/et_pb_column][et_pb_column type=&#8221;1_3&#8243; module_class=&#8221;second-on-mobile two-columns&#8221; _builder_version=&#8221;3.25&#8243; custom_padding=&#8221;|||&#8221; global_colors_info=&#8221;{}&#8221; custom_padding__hover=&#8221;|||&#8221;][et_pb_text _builder_version=&#8221;3.27.4&#8243; global_colors_info=&#8221;{}&#8221;]\n<div role=\"navigation\" aria-label=\"Alternador de Idioma\" class=\"wpml-ls-statics-footer wpml-ls wpml-ls-legacy-list-horizontal\">\n\t<ul><li class=\"wpml-ls-slot-footer wpml-ls-item wpml-ls-item-es wpml-ls-first-item wpml-ls-item-legacy-list-horizontal\">\n\t\t\t\t<a href=\"https:\/\/www.fqingenieria.com\/landing\/\" hreflang=\"es\" lang=\"es\" class=\"wpml-ls-link\" aria-label=\"Switch to ES\" title=\"Switch to ES\">\n\t\t\t\t\t<span class=\"wpml-ls-native\">ES<\/span><\/a>\n\t\t\t<\/li><li class=\"wpml-ls-slot-footer wpml-ls-item wpml-ls-item-en wpml-ls-item-legacy-list-horizontal\">\n\t\t\t\t<a href=\"https:\/\/www.fqingenieria.com\/landing\/en\/\" hreflang=\"en\" lang=\"en\" class=\"wpml-ls-link\" aria-label=\"Switch to EN\" title=\"Switch to EN\">\n\t\t\t\t\t<span class=\"wpml-ls-native\">EN<\/span><\/a>\n\t\t\t<\/li><li class=\"wpml-ls-slot-footer wpml-ls-item wpml-ls-item-pt-pt wpml-ls-current-language wpml-ls-last-item wpml-ls-item-legacy-list-horizontal\">\n\t\t\t\t<a href=\"https:\/\/www.fqingenieria.com\/landing\/pt-pt\/\" hreflang=\"pt-pt\" lang=\"pt-pt\" class=\"wpml-ls-link\" aria-current=\"page\" aria-label=\"Switch to PT\" title=\"Switch to PT\">\n\t\t\t\t\t<span class=\"wpml-ls-native\">PT<\/span><\/a>\n\t\t\t<\/li><\/ul>\n<\/div>\n[\/et_pb_text][\/et_pb_column][\/et_pb_row][\/et_pb_section][et_pb_section fb_built=&#8221;1&#8243; _builder_version=&#8221;3.22.3&#8243; min_height=&#8221;778px&#8221; custom_margin=&#8221;-3px|||||&#8221; custom_padding=&#8221;39px|0px|50px|0px|false|false&#8221; global_colors_info=&#8221;{}&#8221;][et_pb_row _builder_version=&#8221;3.25&#8243; global_colors_info=&#8221;{}&#8221;][et_pb_column type=&#8221;4_4&#8243; _builder_version=&#8221;3.25&#8243; custom_padding=&#8221;|||&#8221; global_colors_info=&#8221;{}&#8221; custom_padding__hover=&#8221;|||&#8221;][et_pb_text _builder_version=&#8221;3.27.4&#8243; header_font=&#8221;||||||||&#8221; header_font_size=&#8221;52px&#8221; custom_padding=&#8221;||0px|||&#8221; global_colors_info=&#8221;{}&#8221;]<\/p>\n<h1 style=\"text-align: center;\">Aviso legal<\/h1>\n<p>[\/et_pb_text][et_pb_text _builder_version=&#8221;3.27.4&#8243; global_colors_info=&#8221;{}&#8221;]F.Q. INGENIERIA ELECTR\u00d3NICA, S.A., com N\u00ba Contribuinte A-08955809, na morada em (08812) Sant Pere de Ribes (Barcelona), Avenida Roquetes # 9 e inscrita no Registo de Barcelona no volume 26097, p\u00e1gina 111, p\u00e1gina B-73589, a seguir, como um provedor de servi\u00e7os , respons\u00e1vel pela p\u00e1gina web, disponibiliza aos clientes e usu\u00e1rios este servi\u00e7o, comprometendo-se a respeitar e proteger a privacidade de todas as pessoas que o acessam, com base nas seguintes condi\u00e7\u00f5es:<\/p>\n<p>OBJETO.- O objetivo destas condi\u00e7\u00f5es gerais \u00e9 regular o acesso e uso que os usu\u00e1rios podem fazer para o site corporativo do provedor. Os usu\u00e1rios, marcando a caixa correspondente, expressamente e livremente e inequivocamente aceitam esta pol\u00edtica de privacidade e os termos do aviso legal.<\/p>\n<p>Qualquer pessoa que acesse este website assume o papel de usu\u00e1rio, comprometendo-se com a observ\u00e2ncia, submiss\u00e3o e cumprimento estrito das disposi\u00e7\u00f5es aqui estabelecidas, bem como qualquer outra disposi\u00e7\u00e3o legal que possa ser aplic\u00e1vel. O credor n\u00e3o ser\u00e1 respons\u00e1vel, em qualquer caso, o mau funcionamento do sistema se isso \u00e9 devido a uma configura\u00e7\u00e3o defeituoso do aparelho do usu\u00e1rio ou a insuficiente capacidade dos mesmos para suportar os sistemas inform\u00e1ticos necess\u00e1rios para fazer uso do servi\u00e7o e vista conte\u00fado<\/p>\n<p>O provedor se reserva o direito de modificar qualquer tipo de informa\u00e7\u00e3o, conte\u00fado ou servi\u00e7o que possa aparecer no site, sem que haja qualquer obriga\u00e7\u00e3o de pr\u00e9-aconselhar ou informar os usu\u00e1rios de tais obriga\u00e7\u00f5es, sendo entendido como suficiente com a publica\u00e7\u00e3o no site. do provedor. Recomenda-se que os usu\u00e1rios leiam estas condi\u00e7\u00f5es gerais de uso cuidadosamente cada vez que desejarem acessar o site corporativo, pois ele pode ser modificado.<\/p>\n<p>USO.- O acesso e uso do site corporativo \u00e9 gratuito para os usu\u00e1rios e n\u00e3o requer registro pr\u00e9vio em geral. N\u00e3o obstante o acima exposto, o prestador de servi\u00e7os se reserva o direito de reservar determinadas informa\u00e7\u00f5es e servi\u00e7os apenas para usu\u00e1rios que tenham se registrado previamente.<\/p>\n<p>Da mesma forma, o provedor se reserva o direito, a qualquer momento, de interromper o servi\u00e7o sem aviso pr\u00e9vio, por motivos de seguran\u00e7a, manuten\u00e7\u00e3o ou qualquer outra causa, bem como negar ou retirar o acesso a determinados conte\u00fados ou servi\u00e7os inclu\u00eddos no site. teia O provedor compromete-se a envidar todos os esfor\u00e7os para manter as informa\u00e7\u00f5es e conte\u00fados atualizados no site corporativo, embora o usu\u00e1rio aceite que pode haver imprecis\u00f5es nos conte\u00fados inclu\u00eddos, que ser\u00e3o corrigidos o mais rapidamente poss\u00edvel pelo prestador<\/p>\n<p>Os usu\u00e1rios s\u00e3o obrigados a n\u00e3o abusar do site corporativo ou desenvolver atividades contr\u00e1rias a essas condi\u00e7\u00f5es, leis, moralidade ou ordem p\u00fablica. O usu\u00e1rio abster-se-\u00e1 de obter ou tentar obter os conte\u00fados ou servi\u00e7os fornecidos atrav\u00e9s do site, exceto nos casos em que a informa\u00e7\u00e3o \u00e9 disponibilizada aos usu\u00e1rios atrav\u00e9s dos meios apropriados.<\/p>\n<p>O usu\u00e1rio abster-se-\u00e1 de qualquer tipo de conduta que leve \u00e0 destrui\u00e7\u00e3o, altera\u00e7\u00e3o, invalidez ou dano aos dados, conte\u00fados, servi\u00e7os, programas ou documentos eletr\u00f4nicos de propriedade do provedor, bem como a introdu\u00e7\u00e3o, atrav\u00e9s da rede, de programas, v\u00edrus, Trojans, worms, manipula\u00e7\u00f5es ou qualquer instrumento eletr\u00f4nico que cause ou possa causar qualquer tipo de altera\u00e7\u00e3o ou dano no site do provedor ou nos sistemas e equipamentos de outros usu\u00e1rios.<\/p>\n<p>O usu\u00e1rio ter\u00e1 que responder ao credor pelos danos que podem ser sofridos como conseq\u00fc\u00eancia da viola\u00e7\u00e3o, pelo usu\u00e1rio, de qualquer uma das condi\u00e7\u00f5es e obriga\u00e7\u00f5es estabelecidas neste aviso legal.<\/p>\n<p>A propriedade intelectual dos conte\u00fados e servi\u00e7os do site, como, entre outros, informa\u00e7\u00f5es, dados, textos, fotografias, gr\u00e1ficos, bancos de dados, designs, c\u00f3digos fonte, tecnologia, programas e qualquer produto telem\u00e1tico. eles s\u00e3o de propriedade exclusiva do prestador, ou, quando aplic\u00e1vel, os outros partidos que n\u00e3o h\u00e1 liga\u00e7\u00e3o oportuna, para que o usu\u00e1rio se compromete a n\u00e3o infringir qualquer direito resultante industrial ou intelectual propriedade tal conte\u00fado, por isso \u00e9 totalmente proibida a reprodu\u00e7\u00e3o total ou parcial deste conte\u00fado transforma\u00e7\u00e3o comunica\u00e7\u00e3o p\u00fablica, distribui\u00e7\u00e3o, disponibilidade, extrac\u00e7\u00e3o ou qualquer outra f\u00f3rmula explorar conte\u00fados a menos que haja consentimento pelo provedor ou qualquer um dos propriet\u00e1rios de tais direitos.<\/p>\n<p>Todos os sinais distintivos que aparecem no site, como marcas comerciais ou nomes comerciais s\u00e3o protegidos por lei sobre propriedade intelectual e s\u00e3o propriedade exclusiva do prestador ou de terceiros com os quais existe uma liga\u00e7\u00e3o correspondente e autoriza\u00e7\u00e3o, que os usu\u00e1rios n\u00e3o podem utilizar, reproduzir, exploram ou utilizam estes sinais distintivos sem o consentimento expresso do prestador ou do propriet\u00e1rio de tais sinais distintivos, deve ser um terceiro. Desenhos, logotipos, texto e \/ ou gr\u00e1ficos fora do provedor e que podem aparecer no site pertencem aos seus respectivos propriet\u00e1rios-se responsabiliza por qualquer controv\u00e9rsia que possa surgir em rela\u00e7\u00e3o \u00e0 mesma. Em qualquer caso, o provedor tem expressa e pr\u00e9via autoriza\u00e7\u00e3o deles.<\/p>\n<p>Para fazer qualquer tipo de observa\u00e7\u00e3o sobre poss\u00edveis viola\u00e7\u00f5es de direitos de propriedade intelectual ou industrial, bem como qualquer conte\u00fado do site, voc\u00ea pode faz\u00ea-lo atrav\u00e9s do seguinte e-mail: info@fqingenieria.com<\/p>\n<p>COOKIES.- O site usa cookies para distinguir cada usu\u00e1rio do resto dos usu\u00e1rios do site. Cookies s\u00e3o arquivos enviados para o navegador por meio de um servidor da Web para registrar as atividades do usu\u00e1rio durante o tempo de navega\u00e7\u00e3o. Se um cookie \u00e9 armazenado, as informa\u00e7\u00f5es contidas podem ser enviadas de volta para os servidores do provedor em sua pr\u00f3xima visita ao site. Todos os dados fornecidos atrav\u00e9s do site ser\u00e3o armazenados em um banco de dados mantido pelo provedor, nas condi\u00e7\u00f5es estabelecidas pelo Regulamento (UE) 2016\/679 do Parlamento Europeu e Conselho de 27 de abril de 2016 (RGPD).<\/p>\n<p>RESPONSABILIDADE.- Os conte\u00fados e servi\u00e7os publicados no site n\u00e3o pretendem, em qualquer caso, julgar o n\u00edvel de confiabilidade das informa\u00e7\u00f5es oferecidas. Portanto, renunciamos a qualquer responsabilidade pelo grau de confiabilidade depositado nos referidos materiais.<\/p>\n<p>O provedor est\u00e1 isento de qualquer responsabilidade decorrente das informa\u00e7\u00f5es publicadas em seu site, desde que essas informa\u00e7\u00f5es tenham sido manipuladas ou introduzidas por terceiros.<\/p>\n<p>A partir do site, \u00e9 poss\u00edvel redirecion\u00e1-lo para o conte\u00fado de sites de terceiros. Como o provedor nem sempre pode controlar o conte\u00fado introduzido por terceiros em seus sites, ele n\u00e3o assume qualquer responsabilidade por tal conte\u00fado. Em qualquer caso, o provedor declara que proceder\u00e1 \u00e0 imediata retirada de qualquer conte\u00fado que possa infringir a legisla\u00e7\u00e3o nacional ou internacional, moralidade ou ordem p\u00fablica, procedendo \u00e0 imediata retirada do redirecionamento para o referido site, informando o autoridades competentes o conte\u00fado em quest\u00e3o.<\/p>\n<p>As informa\u00e7\u00f5es contidas, em um determinado momento, podem n\u00e3o estar corretas, apesar dos esfor\u00e7os do provedor para manter seu site constantemente atualizado, e n\u00e3o pode garantir a aus\u00eancia de v\u00edrus introduzidos por terceiros. Por esta raz\u00e3o, o provedor n\u00e3o \u00e9 respons\u00e1vel por quaisquer danos que possam ser causados \u200b\u200baos usu\u00e1rios derivados de erros contidos no site, nem pelo correto funcionamento ou precis\u00e3o dos links neles contidos.<\/p>\n<p>O provedor n\u00e3o \u00e9 respons\u00e1vel pelas informa\u00e7\u00f5es e conte\u00fado armazenado, a t\u00edtulo de exemplo, mas n\u00e3o limitado a f\u00f3runs, chats, geradores de blogs, coment\u00e1rios, redes sociais ou qualquer outro meio que permita que terceiros publiquem conte\u00fado de forma independente no site. do provedor. Caso o usu\u00e1rio considere que h\u00e1 algum conte\u00fado no site que possa ser suscet\u00edvel a essa classifica\u00e7\u00e3o, notifique o administrador do site imediatamente.<\/p>\n<p>Este site foi feito, projetado, revisado e testado para funcionar corretamente. Portanto, em princ\u00edpio, a opera\u00e7\u00e3o correta pode ser garantida 365 dias por ano, 24 horas por dia. No entanto, o provedor n\u00e3o descarta a possibilidade de que haja certos erros de programa\u00e7\u00e3o, ou que ocorram causas de for\u00e7a maior, desastres naturais, greves ou circunst\u00e2ncias semelhantes que impossibilitem o acesso ao site, caso em que o provedor n\u00e3o \u00e9 respons\u00e1vel, em nenhum caso, se o site n\u00e3o estiver dispon\u00edvel em um determinado per\u00edodo ou per\u00edodo.<\/p>\n<p>LEI APLIC\u00c1VEL E JURISDI\u00c7\u00c3O.- Para a resolu\u00e7\u00e3o de todos os lit\u00edgios ou quest\u00f5es relacionadas a este site ou as atividades desenvolvidas no mesmo, a legisla\u00e7\u00e3o espanhola ser\u00e1 aplic\u00e1vel, para que as partes se submetam expressamente, sendo competente para a resolu\u00e7\u00e3o de todos os lit\u00edgios emergentes ou relacionados ao seu uso pelos tribunais e tribunais de Barcelona.<\/p>\n<p>Data de publica\u00e7\u00e3o: maio de 2018[\/et_pb_text][\/et_pb_column][\/et_pb_row][\/et_pb_section][et_pb_section fb_built=&#8221;1&#8243; _builder_version=&#8221;3.22.3&#8243; background_color=&#8221;#e17f3a&#8221; custom_padding=&#8221;30px|0px|54px|0px|false|false&#8221; global_colors_info=&#8221;{}&#8221;][et_pb_row _builder_version=&#8221;3.25&#8243; custom_padding=&#8221;27px|0px|0|0px|false|false&#8221; global_colors_info=&#8221;{}&#8221;][et_pb_column type=&#8221;4_4&#8243; _builder_version=&#8221;3.25&#8243; custom_padding=&#8221;|||&#8221; global_colors_info=&#8221;{}&#8221; custom_padding__hover=&#8221;|||&#8221;][et_pb_cta title=&#8221;Para mais informa\u00e7\u00f5es visite o nosso site (para portugu\u00eas use o Google Translator)&#8221; button_url=&#8221;https:\/\/www.fqingenieria.com&#8221; url_new_window=&#8221;on&#8221; button_text=&#8221;Visite a web&#8221; _builder_version=&#8221;3.22.7&#8243; use_background_color=&#8221;off&#8221; border_radii=&#8221;on|6px|6px|6px|6px&#8221; global_colors_info=&#8221;{}&#8221;]Hardware especializado e solu\u00e7\u00f5es de engenharia[\/et_pb_cta][\/et_pb_column][\/et_pb_row][\/et_pb_section]<\/p>\n","protected":false},"excerpt":{"rendered":"<p>T. +34 932 080 258 info@fqingenieria.com\n<div role=\"navigation\" aria-label=\"Alternador de Idioma\" class=\"wpml-ls-statics-footer wpml-ls wpml-ls-legacy-list-horizontal\">\n\t<ul><li class=\"wpml-ls-slot-footer wpml-ls-item wpml-ls-item-es wpml-ls-first-item wpml-ls-item-legacy-list-horizontal\">\n\t\t\t\t<a href=\"https:\/\/www.fqingenieria.com\/landing\/\" hreflang=\"es\" lang=\"es\" class=\"wpml-ls-link\" aria-label=\"Switch to ES\" title=\"Switch to ES\">\n\t\t\t\t\t<span class=\"wpml-ls-native\">ES<\/span><\/a>\n\t\t\t<\/li><li class=\"wpml-ls-slot-footer wpml-ls-item wpml-ls-item-en wpml-ls-item-legacy-list-horizontal\">\n\t\t\t\t<a href=\"https:\/\/www.fqingenieria.com\/landing\/en\/\" hreflang=\"en\" lang=\"en\" class=\"wpml-ls-link\" aria-label=\"Switch to EN\" title=\"Switch to EN\">\n\t\t\t\t\t<span class=\"wpml-ls-native\">EN<\/span><\/a>\n\t\t\t<\/li><li class=\"wpml-ls-slot-footer wpml-ls-item wpml-ls-item-pt-pt wpml-ls-current-language wpml-ls-last-item wpml-ls-item-legacy-list-horizontal\">\n\t\t\t\t<a href=\"https:\/\/www.fqingenieria.com\/landing\/pt-pt\/\" hreflang=\"pt-pt\" lang=\"pt-pt\" class=\"wpml-ls-link\" aria-current=\"page\" aria-label=\"Switch to PT\" title=\"Switch to PT\">\n\t\t\t\t\t<span class=\"wpml-ls-native\">PT<\/span><\/a>\n\t\t\t<\/li><\/ul>\n<\/div>\nAviso legalF.Q. INGENIERIA ELECTR\u00d3NICA, S.A., com N\u00ba Contribuinte A-08955809, na morada em (08812) Sant Pere de Ribes (Barcelona), Avenida Roquetes # 9 e inscrita no Registo de Barcelona no volume 26097, p\u00e1gina 111, p\u00e1gina B-73589, a seguir, como um provedor de servi\u00e7os , respons\u00e1vel pela p\u00e1gina [&hellip;]<\/p>\n","protected":false},"author":1,"featured_media":0,"parent":0,"menu_order":0,"comment_status":"closed","ping_status":"closed","template":"solo_footer.php","meta":{"_et_pb_use_builder":"on","_et_pb_old_content":"","_et_gb_content_width":"","footnotes":""},"yoast_head":"<!-- This site is optimized with the Yoast SEO plugin v20.4 - https:\/\/yoast.com\/wordpress\/plugins\/seo\/ -->\n<title>Aviso legal - FQ Ingenier\u00eda Electr\u00f3nica<\/title>\n<meta name=\"robots\" content=\"index, follow, max-snippet:-1, max-image-preview:large, max-video-preview:-1\" \/>\n<link rel=\"canonical\" href=\"https:\/\/www.fqingenieria.com\/landing\/pt-pt\/aviso-legal\/\" \/>\n<meta property=\"og:locale\" content=\"pt_PT\" \/>\n<meta property=\"og:type\" content=\"article\" \/>\n<meta property=\"og:title\" content=\"Aviso legal - FQ Ingenier\u00eda Electr\u00f3nica\" \/>\n<meta property=\"og:description\" content=\"T. +34 932 080 258 info@fqingenieria.comAviso legalF.Q. INGENIERIA ELECTR\u00d3NICA, S.A., com N\u00ba Contribuinte A-08955809, na morada em (08812) Sant Pere de Ribes (Barcelona), Avenida Roquetes # 9 e inscrita no Registo de Barcelona no volume 26097, p\u00e1gina 111, p\u00e1gina B-73589, a seguir, como um provedor de servi\u00e7os , respons\u00e1vel pela p\u00e1gina [&hellip;]\" \/>\n<meta property=\"og:url\" content=\"https:\/\/www.fqingenieria.com\/landing\/pt-pt\/aviso-legal\/\" \/>\n<meta property=\"og:site_name\" content=\"FQ Ingenier\u00eda Electr\u00f3nica\" \/>\n<meta property=\"article:modified_time\" content=\"2021-09-09T11:39:05+00:00\" \/>\n<meta name=\"twitter:card\" content=\"summary_large_image\" \/>\n<meta name=\"twitter:label1\" content=\"Tempo estimado de leitura\" \/>\n\t<meta name=\"twitter:data1\" content=\"10 minutos\" \/>\n<script type=\"application\/ld+json\" class=\"yoast-schema-graph\">{\"@context\":\"https:\/\/schema.org\",\"@graph\":[{\"@type\":\"WebPage\",\"@id\":\"https:\/\/www.fqingenieria.com\/landing\/pt-pt\/aviso-legal\/\",\"url\":\"https:\/\/www.fqingenieria.com\/landing\/pt-pt\/aviso-legal\/\",\"name\":\"Aviso legal - FQ Ingenier\u00eda Electr\u00f3nica\",\"isPartOf\":{\"@id\":\"https:\/\/www.fqingenieria.com\/landing\/pt-pt\/#website\"},\"datePublished\":\"2019-07-15T10:19:25+00:00\",\"dateModified\":\"2021-09-09T11:39:05+00:00\",\"breadcrumb\":{\"@id\":\"https:\/\/www.fqingenieria.com\/landing\/pt-pt\/aviso-legal\/#breadcrumb\"},\"inLanguage\":\"pt-PT\",\"potentialAction\":[{\"@type\":\"ReadAction\",\"target\":[\"https:\/\/www.fqingenieria.com\/landing\/pt-pt\/aviso-legal\/\"]}]},{\"@type\":\"BreadcrumbList\",\"@id\":\"https:\/\/www.fqingenieria.com\/landing\/pt-pt\/aviso-legal\/#breadcrumb\",\"itemListElement\":[{\"@type\":\"ListItem\",\"position\":1,\"name\":\"Portada\",\"item\":\"https:\/\/www.fqingenieria.com\/landing\/pt-pt\/\"},{\"@type\":\"ListItem\",\"position\":2,\"name\":\"Aviso legal\"}]},{\"@type\":\"WebSite\",\"@id\":\"https:\/\/www.fqingenieria.com\/landing\/pt-pt\/#website\",\"url\":\"https:\/\/www.fqingenieria.com\/landing\/pt-pt\/\",\"name\":\"FQ Ingenier\u00eda Electr\u00f3nica\",\"description\":\"Soluciones de identificaci\u00f3n por tarjeta, identificaci\u00f3n por rfid,  impresoras t\u00e9rmicas, lectores magn\u00e9ticos, teclados y sistemas de cursor industriales.\",\"potentialAction\":[{\"@type\":\"SearchAction\",\"target\":{\"@type\":\"EntryPoint\",\"urlTemplate\":\"https:\/\/www.fqingenieria.com\/landing\/pt-pt\/?s={search_term_string}\"},\"query-input\":\"required name=search_term_string\"}],\"inLanguage\":\"pt-PT\"}]}<\/script>\n<!-- \/ Yoast SEO plugin. -->","yoast_head_json":{"title":"Aviso legal - FQ Ingenier\u00eda Electr\u00f3nica","robots":{"index":"index","follow":"follow","max-snippet":"max-snippet:-1","max-image-preview":"max-image-preview:large","max-video-preview":"max-video-preview:-1"},"canonical":"https:\/\/www.fqingenieria.com\/landing\/pt-pt\/aviso-legal\/","og_locale":"pt_PT","og_type":"article","og_title":"Aviso legal - FQ Ingenier\u00eda Electr\u00f3nica","og_description":"T. +34 932 080 258 info@fqingenieria.comAviso legalF.Q. INGENIERIA ELECTR\u00d3NICA, S.A., com N\u00ba Contribuinte A-08955809, na morada em (08812) Sant Pere de Ribes (Barcelona), Avenida Roquetes # 9 e inscrita no Registo de Barcelona no volume 26097, p\u00e1gina 111, p\u00e1gina B-73589, a seguir, como um provedor de servi\u00e7os , respons\u00e1vel pela p\u00e1gina [&hellip;]","og_url":"https:\/\/www.fqingenieria.com\/landing\/pt-pt\/aviso-legal\/","og_site_name":"FQ Ingenier\u00eda Electr\u00f3nica","article_modified_time":"2021-09-09T11:39:05+00:00","twitter_card":"summary_large_image","twitter_misc":{"Tempo estimado de leitura":"10 minutos"},"schema":{"@context":"https:\/\/schema.org","@graph":[{"@type":"WebPage","@id":"https:\/\/www.fqingenieria.com\/landing\/pt-pt\/aviso-legal\/","url":"https:\/\/www.fqingenieria.com\/landing\/pt-pt\/aviso-legal\/","name":"Aviso legal - FQ Ingenier\u00eda Electr\u00f3nica","isPartOf":{"@id":"https:\/\/www.fqingenieria.com\/landing\/pt-pt\/#website"},"datePublished":"2019-07-15T10:19:25+00:00","dateModified":"2021-09-09T11:39:05+00:00","breadcrumb":{"@id":"https:\/\/www.fqingenieria.com\/landing\/pt-pt\/aviso-legal\/#breadcrumb"},"inLanguage":"pt-PT","potentialAction":[{"@type":"ReadAction","target":["https:\/\/www.fqingenieria.com\/landing\/pt-pt\/aviso-legal\/"]}]},{"@type":"BreadcrumbList","@id":"https:\/\/www.fqingenieria.com\/landing\/pt-pt\/aviso-legal\/#breadcrumb","itemListElement":[{"@type":"ListItem","position":1,"name":"Portada","item":"https:\/\/www.fqingenieria.com\/landing\/pt-pt\/"},{"@type":"ListItem","position":2,"name":"Aviso legal"}]},{"@type":"WebSite","@id":"https:\/\/www.fqingenieria.com\/landing\/pt-pt\/#website","url":"https:\/\/www.fqingenieria.com\/landing\/pt-pt\/","name":"FQ Ingenier\u00eda Electr\u00f3nica","description":"Soluciones de identificaci\u00f3n por tarjeta, identificaci\u00f3n por rfid,  impresoras t\u00e9rmicas, lectores magn\u00e9ticos, teclados y sistemas de cursor industriales.","potentialAction":[{"@type":"SearchAction","target":{"@type":"EntryPoint","urlTemplate":"https:\/\/www.fqingenieria.com\/landing\/pt-pt\/?s={search_term_string}"},"query-input":"required name=search_term_string"}],"inLanguage":"pt-PT"}]}},"_links":{"self":[{"href":"https:\/\/www.fqingenieria.com\/landing\/pt-pt\/wp-json\/wp\/v2\/pages\/1020"}],"collection":[{"href":"https:\/\/www.fqingenieria.com\/landing\/pt-pt\/wp-json\/wp\/v2\/pages"}],"about":[{"href":"https:\/\/www.fqingenieria.com\/landing\/pt-pt\/wp-json\/wp\/v2\/types\/page"}],"author":[{"embeddable":true,"href":"https:\/\/www.fqingenieria.com\/landing\/pt-pt\/wp-json\/wp\/v2\/users\/1"}],"replies":[{"embeddable":true,"href":"https:\/\/www.fqingenieria.com\/landing\/pt-pt\/wp-json\/wp\/v2\/comments?post=1020"}],"version-history":[{"count":7,"href":"https:\/\/www.fqingenieria.com\/landing\/pt-pt\/wp-json\/wp\/v2\/pages\/1020\/revisions"}],"predecessor-version":[{"id":8286,"href":"https:\/\/www.fqingenieria.com\/landing\/pt-pt\/wp-json\/wp\/v2\/pages\/1020\/revisions\/8286"}],"wp:attachment":[{"href":"https:\/\/www.fqingenieria.com\/landing\/pt-pt\/wp-json\/wp\/v2\/media?parent=1020"}],"curies":[{"name":"wp","href":"https:\/\/api.w.org\/{rel}","templated":true}]}}