{"id":1018,"date":"2019-07-15T12:18:54","date_gmt":"2019-07-15T10:18:54","guid":{"rendered":"https:\/\/www.fqingenieria.com\/landing\/quienes-somos\/"},"modified":"2019-07-15T16:58:50","modified_gmt":"2019-07-15T14:58:50","slug":"quienes-somos","status":"publish","type":"page","link":"https:\/\/www.fqingenieria.com\/landing\/pt-pt\/quienes-somos\/","title":{"rendered":"Quem somos"},"content":{"rendered":"<p>[et_pb_section fb_built=&#8221;1&#8243; module_id=&#8221;header_top&#8221; _builder_version=&#8221;3.22.3&#8243; custom_margin=&#8221;10px||10px&#8221; custom_padding=&#8221;0||||false|false&#8221; global_module=&#8221;349&#8243; saved_tabs=&#8221;all&#8221;][et_pb_row custom_padding=&#8221;0|0px|0|0px|false|false&#8221; module_class_1=&#8221;first-on-mobile two-columns&#8221; module_class_2=&#8221;third-on-mobile&#8221; module_class_3=&#8221;second-on-mobile two-columns&#8221; module_class=&#8221;custom_row&#8221; _builder_version=&#8221;3.22.7&#8243; max_width_phone=&#8221;50%&#8221; max_width_last_edited=&#8221;off|phone&#8221;][et_pb_column type=&#8221;1_3&#8243; _builder_version=&#8221;3.19.17&#8243;][et_pb_text _builder_version=&#8221;3.22.7&#8243; text_font=&#8221;||||||||&#8221; text_text_color=&#8221;#414141&#8243; text_font_size=&#8221;16px&#8221; text_letter_spacing=&#8221;1px&#8221; text_line_height=&#8221;1.5em&#8221; text_orientation=&#8221;right&#8221;]<\/p>\n<p style=\"text-align: left;\"><a href=\"tel:+34932080258\"><strong>T. +34 932 080 258<\/strong><\/a><br \/>\n<strong> <a href=\"mailto:info@fqingenieria.com\">info@fqingenieria.com<\/a><\/strong><\/p>\n<p>[\/et_pb_text][\/et_pb_column][et_pb_column type=&#8221;1_3&#8243; _builder_version=&#8221;3.19.17&#8243;][et_pb_image src=&#8221;https:\/\/www.fqingenieria.com\/landing\/wp-content\/uploads\/2019\/04\/logo_fq.png&#8221; url=&#8221;https:\/\/www.fqingenieria.com&#8221; url_new_window=&#8221;on&#8221; show_bottom_space=&#8221;off&#8221; align=&#8221;center&#8221; align_tablet=&#8221;center&#8221; align_last_edited=&#8221;on|desktop&#8221; _builder_version=&#8221;3.23.3&#8243; max_width=&#8221;50%&#8221; custom_padding=&#8221;||&#8221;][\/et_pb_image][\/et_pb_column][et_pb_column type=&#8221;1_3&#8243; _builder_version=&#8221;3.19.17&#8243;][et_pb_text _builder_version=&#8221;3.22.7&#8243;]\n<div role=\"navigation\" aria-label=\"Alternador de Idioma\" class=\"wpml-ls-statics-footer wpml-ls wpml-ls-legacy-list-horizontal\">\n\t<ul><li class=\"wpml-ls-slot-footer wpml-ls-item wpml-ls-item-es wpml-ls-first-item wpml-ls-item-legacy-list-horizontal\">\n\t\t\t\t<a href=\"https:\/\/www.fqingenieria.com\/landing\/\" hreflang=\"es\" lang=\"es\" class=\"wpml-ls-link\" aria-label=\"Switch to ES\" title=\"Switch to ES\">\n\t\t\t\t\t<span class=\"wpml-ls-native\">ES<\/span><\/a>\n\t\t\t<\/li><li class=\"wpml-ls-slot-footer wpml-ls-item wpml-ls-item-en wpml-ls-item-legacy-list-horizontal\">\n\t\t\t\t<a href=\"https:\/\/www.fqingenieria.com\/landing\/en\/\" hreflang=\"en\" lang=\"en\" class=\"wpml-ls-link\" aria-label=\"Switch to EN\" title=\"Switch to EN\">\n\t\t\t\t\t<span class=\"wpml-ls-native\">EN<\/span><\/a>\n\t\t\t<\/li><li class=\"wpml-ls-slot-footer wpml-ls-item wpml-ls-item-pt-pt wpml-ls-current-language wpml-ls-last-item wpml-ls-item-legacy-list-horizontal\">\n\t\t\t\t<a href=\"https:\/\/www.fqingenieria.com\/landing\/pt-pt\/\" hreflang=\"pt-pt\" lang=\"pt-pt\" class=\"wpml-ls-link\" aria-current=\"page\" aria-label=\"Switch to PT\" title=\"Switch to PT\">\n\t\t\t\t\t<span class=\"wpml-ls-native\">PT<\/span><\/a>\n\t\t\t<\/li><\/ul>\n<\/div>\n[\/et_pb_text][\/et_pb_column][\/et_pb_row][\/et_pb_section][et_pb_section fb_built=&#8221;1&#8243; fullwidth=&#8221;on&#8221; _builder_version=&#8221;3.22.3&#8243; custom_padding=&#8221;0|0px|0px|0px|false|false&#8221;][et_pb_fullwidth_slider module_id=&#8221;topslider&#8221; _builder_version=&#8221;3.22.7&#8243; header_font=&#8221;||||||||&#8221; min_height=&#8221;428px&#8221; custom_padding=&#8221;||343px|||&#8221;][et_pb_slide _builder_version=&#8221;3.22.7&#8243; background_image=&#8221;https:\/\/www.fqingenieria.com\/landing\/wp-content\/uploads\/2019\/05\/slider-quienes-somos.jpg&#8221;][\/et_pb_slide][\/et_pb_fullwidth_slider][\/et_pb_section][et_pb_section fb_built=&#8221;1&#8243; _builder_version=&#8221;3.22.3&#8243; min_height=&#8221;778px&#8221; custom_margin=&#8221;-3px|||||&#8221; custom_padding=&#8221;39px|0px|50px|0px|false|false&#8221;][et_pb_row _builder_version=&#8221;3.22.3&#8243;][et_pb_column type=&#8221;4_4&#8243; _builder_version=&#8221;3.19.17&#8243;][et_pb_text _builder_version=&#8221;3.22.7&#8243; header_font=&#8221;||||||||&#8221; header_font_size=&#8221;52px&#8221; custom_padding=&#8221;||0px|||&#8221;]<\/p>\n<h1 style=\"text-align: center;\">Quem somos<\/h1>\n<p>[\/et_pb_text][et_pb_text _builder_version=&#8221;3.22.7&#8243;]A FQ \u00e9 uma empresa de capital privado, fundada em 1984, marcadamente orientada desde o seu in\u00edcio para oferecer o m\u00e1ximo de profissionalismo e rigor nos produtos e processos que desenvolvemos.<\/p>\n<p>Nossa especializa\u00e7\u00e3o e conhecimento nos permite oferecer hardware e software. Aconselhamos os clientes no in\u00edcio de cada projeto, fornecemos produtos ou sistemas e, tudo isso, apoiados por uma garantia local e um servi\u00e7o t\u00e9cnico de p\u00f3s-venda.<\/p>\n<p>As principais \u00e1reas de nossa especializa\u00e7\u00e3o s\u00e3o:<\/p>\n<ul>\n<li>Sistemas de identifica\u00e7\u00e3o com cart\u00e3o de pl\u00e1stico (tarja magn\u00e9tica e chip).<\/li>\n<li>Sistemas de identifica\u00e7\u00e3o com ticket.<\/li>\n<li>Sistemas de identifica\u00e7\u00e3o baseados em RFID.<\/li>\n<li>Sistemas de impress\u00e3o t\u00e9rmica.<\/li>\n<li>Teclados e sistemas de ponteiros industriais.<\/li>\n<li>M\u00f3dulos RF de r\u00e1dio de baixa pot\u00eancia.<\/li>\n<li>Rel\u00e9s e interruptores herm\u00e9ticos de alta seguran\u00e7a.<\/li>\n<li>Cabe\u00e7as magn\u00e9ticas de leitura \/ grava\u00e7\u00e3o<\/li>\n<\/ul>\n<p>Para isso, contamos com as melhores empresas internacionais de cada especialidade, fornecendo os produtos e combinando-os com os nossos pr\u00f3prios desenvolvimentos de hardware e software.<\/p>\n<p>Por fim e para garantir que toda a atividade da empresa, ou seja, produtos, processos e servi\u00e7os estejam de acordo com as expectativas dos clientes, fornecedores, colaboradores e acionistas, a empresa \u00e9 governada de acordo com a <strong>ISO9001\/2015<\/strong>[\/et_pb_text][\/et_pb_column][\/et_pb_row][\/et_pb_section][et_pb_section fb_built=&#8221;1&#8243; _builder_version=&#8221;3.22.3&#8243; background_color=&#8221;#e17f3a&#8221; custom_padding=&#8221;30px|0px|54px|0px|false|false&#8221;][et_pb_row custom_padding=&#8221;27px|0px|0|0px|false|false&#8221; _builder_version=&#8221;3.22.3&#8243;][et_pb_column type=&#8221;4_4&#8243; _builder_version=&#8221;3.19.17&#8243;][et_pb_cta title=&#8221;Para mais informa\u00e7\u00f5es visite o nosso site (para o Portugu\u00eas use o tradutor do Google)&#8221; button_url=&#8221;https:\/\/www.fqingenieria.com&#8221; url_new_window=&#8221;on&#8221; button_text=&#8221;visite a web&#8221; _builder_version=&#8221;3.22.7&#8243; use_background_color=&#8221;off&#8221; border_radii=&#8221;on|6px|6px|6px|6px&#8221;]Hardware especializado e solu\u00e7\u00f5es de engenharia[\/et_pb_cta][\/et_pb_column][\/et_pb_row][\/et_pb_section][et_pb_section fb_built=&#8221;1&#8243; _builder_version=&#8221;3.22.3&#8243; background_color=&#8221;#f2f2f2&#8243; custom_padding=&#8221;50px|0px|60px|0px|false|false&#8221;][et_pb_row _builder_version=&#8221;3.22.3&#8243;][et_pb_column type=&#8221;4_4&#8243; _builder_version=&#8221;3.19.17&#8243;][et_pb_text _builder_version=&#8221;3.22.7&#8243; text_font=&#8221;||||||||&#8221; header_font=&#8221;||||||||&#8221; header_text_color=&#8221;#000000&#8243; header_2_font=&#8221;||||||||&#8221; header_3_font=&#8221;||||||||&#8221; header_3_text_align=&#8221;left&#8221; header_3_text_color=&#8221;#414141&#8243; header_3_font_size=&#8221;28px&#8221; custom_margin=&#8221;||10px|15px&#8221; custom_padding=&#8221;||&#8221;]<\/p>\n<h3 style=\"text-align: center;\">Conte-nos sobre o seu projeto. N\u00f3s amaremos ajudar voc\u00ea.<\/h3>\n<p>[\/et_pb_text][et_pb_code module_class=&#8221;formulario shadowbox&#8221; _builder_version=&#8221;3.23.3&#8243; use_background_color_gradient=&#8221;on&#8221; background_color_gradient_start=&#8221;#bfc120&#8243; background_color_gradient_end=&#8221;#18739c&#8221; custom_padding=&#8221;15px|15px|15px|15px|true|true&#8221;]\n<div class=\"wpcf7 no-js\" id=\"wpcf7-f60-o1\" lang=\"es-ES\" dir=\"ltr\">\n<div class=\"screen-reader-response\"><p role=\"status\" aria-live=\"polite\" aria-atomic=\"true\"><\/p> <ul><\/ul><\/div>\n<form action=\"\/landing\/pt-pt\/wp-json\/wp\/v2\/pages\/1018#wpcf7-f60-o1\" method=\"post\" class=\"wpcf7-form init\" aria-label=\"Formulario de contacto\" novalidate=\"novalidate\" data-status=\"init\">\n<div style=\"display: none;\">\n<input type=\"hidden\" name=\"_wpcf7\" value=\"60\" \/>\n<input type=\"hidden\" name=\"_wpcf7_version\" value=\"5.7.7\" \/>\n<input type=\"hidden\" name=\"_wpcf7_locale\" value=\"es_ES\" \/>\n<input type=\"hidden\" name=\"_wpcf7_unit_tag\" value=\"wpcf7-f60-o1\" \/>\n<input type=\"hidden\" name=\"_wpcf7_container_post\" value=\"0\" \/>\n<input type=\"hidden\" name=\"_wpcf7_posted_data_hash\" value=\"\" \/>\n<input type=\"hidden\" name=\"_wpcf7_recaptcha_response\" value=\"\" \/>\n<\/div>\n<p><span class=\"wpcf7-form-control-wrap\" data-name=\"your-name\"><input size=\"40\" class=\"wpcf7-form-control wpcf7-text wpcf7-validates-as-required\" aria-required=\"true\" aria-invalid=\"false\" placeholder=\"Nombre*\" value=\"\" type=\"text\" name=\"your-name\" \/><\/span><br \/>\n<span class=\"wpcf7-form-control-wrap\" data-name=\"your-email\"><input size=\"40\" class=\"wpcf7-form-control wpcf7-text wpcf7-email wpcf7-validates-as-required wpcf7-validates-as-email\" aria-required=\"true\" aria-invalid=\"false\" placeholder=\"Email*\" value=\"\" type=\"email\" name=\"your-email\" \/><\/span><br \/>\n<span class=\"wpcf7-form-control-wrap\" data-name=\"your-message\"><textarea cols=\"40\" rows=\"10\" class=\"wpcf7-form-control wpcf7-textarea\" aria-invalid=\"false\" placeholder=\"Escribe tu mensaje\" name=\"your-message\"><\/textarea><\/span>\n<\/p>\n<div class=\"formulario-check\">\n\t<p><span class=\"wpcf7-form-control-wrap\" data-name=\"acceptance-816\"><span class=\"wpcf7-form-control wpcf7-acceptance\"><span class=\"wpcf7-list-item\"><input type=\"checkbox\" name=\"acceptance-816\" value=\"1\" aria-invalid=\"false\" \/><\/span><\/span><\/span> He le\u00eddo y acepto la <a target=\"_blank\" href=\"https:\/\/www.fqingenieria.com\/es\/empresa\/privacidad-y-cookies\">pol\u00edtica de privacidad<\/a>\n\t<\/p>\n<\/div>\n<p><button class=\"wpcf7-form-control has-spinner et_pb_button et_pb_bg_layout_light wpcf7-submit\" type=\"submit\" value=\"Enviar\">Enviar<\/button>\n<\/p>\n<div class=\"formulario-acceptance\">\n\t<p>En nombre de la empresa tratamos la informaci\u00f3n que nos facilita con el fin de enviarle publicidad relacionada con nuestros productos y servicios por cualquier medio (postal, email o tel\u00e9fono) e invitarle a eventos organizados por la empresa. Los datos proporcionados se conservar\u00e1n mientras no solicite el cese de la actividad. Los datos no se ceder\u00e1n a terceros salvo en los casos en que exista una obligaci\u00f3n legal. Usted tiene derecho a obtener confirmaci\u00f3n sobre si en FQ INGENIERIA ELECTRONICA, S.A. estamos tratando sus datos personales por tanto tiene derecho a acceder a sus datos personales, rectificar los datos inexacto o solicitar su supresi\u00f3n cuando los datos ya no sean necesarios para los fines que fueron recogidos. Para m\u00e1s detalles puede consultar nuestra <a target=\"_blank\" href=\"https:\/\/www.fqingenieria.com\/es\/empresa\/privacidad-y-cookies\">pol\u00edtica de privacidad<\/a>.\n\t<\/p>\n<\/div><div class=\"wpcf7-response-output\" aria-hidden=\"true\"><\/div>\n<\/form>\n<\/div>\n[\/et_pb_code][\/et_pb_column][\/et_pb_row][\/et_pb_section]<\/p>\n","protected":false},"excerpt":{"rendered":"<p>T. +34 932 080 258 info@fqingenieria.com\n<div role=\"navigation\" aria-label=\"Alternador de Idioma\" class=\"wpml-ls-statics-footer wpml-ls wpml-ls-legacy-list-horizontal\">\n\t<ul><li class=\"wpml-ls-slot-footer wpml-ls-item wpml-ls-item-es wpml-ls-first-item wpml-ls-item-legacy-list-horizontal\">\n\t\t\t\t<a href=\"https:\/\/www.fqingenieria.com\/landing\/\" hreflang=\"es\" lang=\"es\" class=\"wpml-ls-link\" aria-label=\"Switch to ES\" title=\"Switch to ES\">\n\t\t\t\t\t<span class=\"wpml-ls-native\">ES<\/span><\/a>\n\t\t\t<\/li><li class=\"wpml-ls-slot-footer wpml-ls-item wpml-ls-item-en wpml-ls-item-legacy-list-horizontal\">\n\t\t\t\t<a href=\"https:\/\/www.fqingenieria.com\/landing\/en\/\" hreflang=\"en\" lang=\"en\" class=\"wpml-ls-link\" aria-label=\"Switch to EN\" title=\"Switch to EN\">\n\t\t\t\t\t<span class=\"wpml-ls-native\">EN<\/span><\/a>\n\t\t\t<\/li><li class=\"wpml-ls-slot-footer wpml-ls-item wpml-ls-item-pt-pt wpml-ls-current-language wpml-ls-last-item wpml-ls-item-legacy-list-horizontal\">\n\t\t\t\t<a href=\"https:\/\/www.fqingenieria.com\/landing\/pt-pt\/\" hreflang=\"pt-pt\" lang=\"pt-pt\" class=\"wpml-ls-link\" aria-current=\"page\" aria-label=\"Switch to PT\" title=\"Switch to PT\">\n\t\t\t\t\t<span class=\"wpml-ls-native\">PT<\/span><\/a>\n\t\t\t<\/li><\/ul>\n<\/div>\nQuem somosA FQ \u00e9 uma empresa de capital privado, fundada em 1984, marcadamente orientada desde o seu in\u00edcio para oferecer o m\u00e1ximo de profissionalismo e rigor nos produtos e processos que desenvolvemos. Nossa especializa\u00e7\u00e3o e conhecimento nos permite oferecer hardware e software. Aconselhamos os clientes no [&hellip;]<\/p>\n","protected":false},"author":1,"featured_media":0,"parent":0,"menu_order":0,"comment_status":"closed","ping_status":"closed","template":"solo_footer.php","meta":{"_et_pb_use_builder":"on","_et_pb_old_content":"","_et_gb_content_width":"","footnotes":""},"yoast_head":"<!-- This site is optimized with the Yoast SEO plugin v20.4 - https:\/\/yoast.com\/wordpress\/plugins\/seo\/ -->\n<title>Quem somos - FQ Ingenier\u00eda Electr\u00f3nica<\/title>\n<meta name=\"robots\" content=\"index, follow, max-snippet:-1, max-image-preview:large, max-video-preview:-1\" \/>\n<link rel=\"canonical\" href=\"https:\/\/www.fqingenieria.com\/landing\/pt-pt\/quienes-somos\/\" \/>\n<meta property=\"og:locale\" content=\"pt_PT\" \/>\n<meta property=\"og:type\" content=\"article\" \/>\n<meta property=\"og:title\" content=\"Quem somos - FQ Ingenier\u00eda Electr\u00f3nica\" \/>\n<meta property=\"og:description\" content=\"T. +34 932 080 258 info@fqingenieria.comQuem somosA FQ \u00e9 uma empresa de capital privado, fundada em 1984, marcadamente orientada desde o seu in\u00edcio para oferecer o m\u00e1ximo de profissionalismo e rigor nos produtos e processos que desenvolvemos. Nossa especializa\u00e7\u00e3o e conhecimento nos permite oferecer hardware e software. Aconselhamos os clientes no [&hellip;]\" \/>\n<meta property=\"og:url\" content=\"https:\/\/www.fqingenieria.com\/landing\/pt-pt\/quienes-somos\/\" \/>\n<meta property=\"og:site_name\" content=\"FQ Ingenier\u00eda Electr\u00f3nica\" \/>\n<meta property=\"article:modified_time\" content=\"2019-07-15T14:58:50+00:00\" \/>\n<meta name=\"twitter:card\" content=\"summary_large_image\" \/>\n<meta name=\"twitter:label1\" content=\"Tempo estimado de leitura\" \/>\n\t<meta name=\"twitter:data1\" content=\"4 minutos\" \/>\n<script type=\"application\/ld+json\" class=\"yoast-schema-graph\">{\"@context\":\"https:\/\/schema.org\",\"@graph\":[{\"@type\":\"WebPage\",\"@id\":\"https:\/\/www.fqingenieria.com\/landing\/pt-pt\/quienes-somos\/\",\"url\":\"https:\/\/www.fqingenieria.com\/landing\/pt-pt\/quienes-somos\/\",\"name\":\"Quem somos - FQ Ingenier\u00eda Electr\u00f3nica\",\"isPartOf\":{\"@id\":\"https:\/\/www.fqingenieria.com\/landing\/pt-pt\/#website\"},\"datePublished\":\"2019-07-15T10:18:54+00:00\",\"dateModified\":\"2019-07-15T14:58:50+00:00\",\"breadcrumb\":{\"@id\":\"https:\/\/www.fqingenieria.com\/landing\/pt-pt\/quienes-somos\/#breadcrumb\"},\"inLanguage\":\"pt-PT\",\"potentialAction\":[{\"@type\":\"ReadAction\",\"target\":[\"https:\/\/www.fqingenieria.com\/landing\/pt-pt\/quienes-somos\/\"]}]},{\"@type\":\"BreadcrumbList\",\"@id\":\"https:\/\/www.fqingenieria.com\/landing\/pt-pt\/quienes-somos\/#breadcrumb\",\"itemListElement\":[{\"@type\":\"ListItem\",\"position\":1,\"name\":\"Portada\",\"item\":\"https:\/\/www.fqingenieria.com\/landing\/pt-pt\/\"},{\"@type\":\"ListItem\",\"position\":2,\"name\":\"Quem somos\"}]},{\"@type\":\"WebSite\",\"@id\":\"https:\/\/www.fqingenieria.com\/landing\/pt-pt\/#website\",\"url\":\"https:\/\/www.fqingenieria.com\/landing\/pt-pt\/\",\"name\":\"FQ Ingenier\u00eda Electr\u00f3nica\",\"description\":\"Soluciones de identificaci\u00f3n por tarjeta, identificaci\u00f3n por rfid,  impresoras t\u00e9rmicas, lectores magn\u00e9ticos, teclados y sistemas de cursor industriales.\",\"potentialAction\":[{\"@type\":\"SearchAction\",\"target\":{\"@type\":\"EntryPoint\",\"urlTemplate\":\"https:\/\/www.fqingenieria.com\/landing\/pt-pt\/?s={search_term_string}\"},\"query-input\":\"required name=search_term_string\"}],\"inLanguage\":\"pt-PT\"}]}<\/script>\n<!-- \/ Yoast SEO plugin. -->","yoast_head_json":{"title":"Quem somos - FQ Ingenier\u00eda Electr\u00f3nica","robots":{"index":"index","follow":"follow","max-snippet":"max-snippet:-1","max-image-preview":"max-image-preview:large","max-video-preview":"max-video-preview:-1"},"canonical":"https:\/\/www.fqingenieria.com\/landing\/pt-pt\/quienes-somos\/","og_locale":"pt_PT","og_type":"article","og_title":"Quem somos - FQ Ingenier\u00eda Electr\u00f3nica","og_description":"T. +34 932 080 258 info@fqingenieria.comQuem somosA FQ \u00e9 uma empresa de capital privado, fundada em 1984, marcadamente orientada desde o seu in\u00edcio para oferecer o m\u00e1ximo de profissionalismo e rigor nos produtos e processos que desenvolvemos. Nossa especializa\u00e7\u00e3o e conhecimento nos permite oferecer hardware e software. Aconselhamos os clientes no [&hellip;]","og_url":"https:\/\/www.fqingenieria.com\/landing\/pt-pt\/quienes-somos\/","og_site_name":"FQ Ingenier\u00eda Electr\u00f3nica","article_modified_time":"2019-07-15T14:58:50+00:00","twitter_card":"summary_large_image","twitter_misc":{"Tempo estimado de leitura":"4 minutos"},"schema":{"@context":"https:\/\/schema.org","@graph":[{"@type":"WebPage","@id":"https:\/\/www.fqingenieria.com\/landing\/pt-pt\/quienes-somos\/","url":"https:\/\/www.fqingenieria.com\/landing\/pt-pt\/quienes-somos\/","name":"Quem somos - FQ Ingenier\u00eda Electr\u00f3nica","isPartOf":{"@id":"https:\/\/www.fqingenieria.com\/landing\/pt-pt\/#website"},"datePublished":"2019-07-15T10:18:54+00:00","dateModified":"2019-07-15T14:58:50+00:00","breadcrumb":{"@id":"https:\/\/www.fqingenieria.com\/landing\/pt-pt\/quienes-somos\/#breadcrumb"},"inLanguage":"pt-PT","potentialAction":[{"@type":"ReadAction","target":["https:\/\/www.fqingenieria.com\/landing\/pt-pt\/quienes-somos\/"]}]},{"@type":"BreadcrumbList","@id":"https:\/\/www.fqingenieria.com\/landing\/pt-pt\/quienes-somos\/#breadcrumb","itemListElement":[{"@type":"ListItem","position":1,"name":"Portada","item":"https:\/\/www.fqingenieria.com\/landing\/pt-pt\/"},{"@type":"ListItem","position":2,"name":"Quem somos"}]},{"@type":"WebSite","@id":"https:\/\/www.fqingenieria.com\/landing\/pt-pt\/#website","url":"https:\/\/www.fqingenieria.com\/landing\/pt-pt\/","name":"FQ Ingenier\u00eda Electr\u00f3nica","description":"Soluciones de identificaci\u00f3n por tarjeta, identificaci\u00f3n por rfid,  impresoras t\u00e9rmicas, lectores magn\u00e9ticos, teclados y sistemas de cursor industriales.","potentialAction":[{"@type":"SearchAction","target":{"@type":"EntryPoint","urlTemplate":"https:\/\/www.fqingenieria.com\/landing\/pt-pt\/?s={search_term_string}"},"query-input":"required name=search_term_string"}],"inLanguage":"pt-PT"}]}},"_links":{"self":[{"href":"https:\/\/www.fqingenieria.com\/landing\/pt-pt\/wp-json\/wp\/v2\/pages\/1018"}],"collection":[{"href":"https:\/\/www.fqingenieria.com\/landing\/pt-pt\/wp-json\/wp\/v2\/pages"}],"about":[{"href":"https:\/\/www.fqingenieria.com\/landing\/pt-pt\/wp-json\/wp\/v2\/types\/page"}],"author":[{"embeddable":true,"href":"https:\/\/www.fqingenieria.com\/landing\/pt-pt\/wp-json\/wp\/v2\/users\/1"}],"replies":[{"embeddable":true,"href":"https:\/\/www.fqingenieria.com\/landing\/pt-pt\/wp-json\/wp\/v2\/comments?post=1018"}],"version-history":[{"count":4,"href":"https:\/\/www.fqingenieria.com\/landing\/pt-pt\/wp-json\/wp\/v2\/pages\/1018\/revisions"}],"predecessor-version":[{"id":1053,"href":"https:\/\/www.fqingenieria.com\/landing\/pt-pt\/wp-json\/wp\/v2\/pages\/1018\/revisions\/1053"}],"wp:attachment":[{"href":"https:\/\/www.fqingenieria.com\/landing\/pt-pt\/wp-json\/wp\/v2\/media?parent=1018"}],"curies":[{"name":"wp","href":"https:\/\/api.w.org\/{rel}","templated":true}]}}