{"id":2844,"date":"2020-11-18T13:07:49","date_gmt":"2020-11-18T12:07:49","guid":{"rendered":"https:\/\/www.fqingenieria.com\/landing\/?page_id=2844"},"modified":"2020-11-18T13:07:49","modified_gmt":"2020-11-18T12:07:49","slug":"contact-form-chainway-android-handhelds","status":"publish","type":"page","link":"https:\/\/www.fqingenieria.com\/landing\/en\/contact-form-chainway-android-handhelds\/","title":{"rendered":"Contact Form Chainway Android  handhelds"},"content":{"rendered":"<p>[et_pb_section fb_built=&#8221;1&#8243; module_id=&#8221;header_top&#8221; _builder_version=&#8221;4.4.8&#8243; custom_margin=&#8221;10px||10px&#8221; custom_padding=&#8221;0||||false|false&#8221; saved_tabs=&#8221;all&#8221;][et_pb_row column_structure=&#8221;1_3,1_3,1_3&#8243; module_class=&#8221;custom_row&#8221; _builder_version=&#8221;4.4.8&#8243; max_width_phone=&#8221;50%&#8221; max_width_last_edited=&#8221;off|phone&#8221; custom_padding=&#8221;0|0px|0|0px|false|false&#8221;][et_pb_column type=&#8221;1_3&#8243; module_class=&#8221;first-on-mobile two-columns&#8221; _builder_version=&#8221;4.4.8&#8243; custom_padding=&#8221;|||&#8221; custom_padding__hover=&#8221;|||&#8221;][et_pb_text _builder_version=&#8221;3.27.4&#8243; text_font=&#8221;||||||||&#8221; text_text_color=&#8221;#414141&#8243; text_font_size=&#8221;16px&#8221; text_letter_spacing=&#8221;1px&#8221; text_line_height=&#8221;1.5em&#8221; text_orientation=&#8221;right&#8221;]<\/p>\n<p style=\"text-align: left;\"><a href=\"tel:+34932080258\"><strong>T. 93 208 02 58<\/strong><\/a><br \/>\n<strong> <a href=\"mailto:info@fqingenieria.com\">info@fqingenieria.com<\/a><\/strong><\/p>\n<p>[\/et_pb_text][\/et_pb_column][et_pb_column type=&#8221;1_3&#8243; module_class=&#8221;third-on-mobile&#8221; _builder_version=&#8221;3.25&#8243; custom_padding=&#8221;|||&#8221; custom_padding__hover=&#8221;|||&#8221;][et_pb_image src=&#8221;https:\/\/www.fqingenieria.com\/landing\/wp-content\/uploads\/2019\/04\/logo_fq.png&#8221; show_in_lightbox=&#8221;on&#8221; show_bottom_space=&#8221;off&#8221; align=&#8221;center&#8221; align_tablet=&#8221;center&#8221; align_phone=&#8221;&#8221; align_last_edited=&#8221;on|desktop&#8221; _builder_version=&#8221;4.4.8&#8243; max_width=&#8221;50%&#8221; custom_padding=&#8221;||&#8221;][\/et_pb_image][\/et_pb_column][et_pb_column type=&#8221;1_3&#8243; module_class=&#8221;second-on-mobile two-columns&#8221; _builder_version=&#8221;3.25&#8243; custom_padding=&#8221;|||&#8221; custom_padding__hover=&#8221;|||&#8221;][et_pb_text _builder_version=&#8221;4.4.8&#8243;]\n<div role=\"navigation\" aria-label=\"Language Switcher\" class=\"wpml-ls-statics-footer wpml-ls wpml-ls-legacy-list-horizontal\">\n\t<ul><li class=\"wpml-ls-slot-footer wpml-ls-item wpml-ls-item-es wpml-ls-first-item wpml-ls-item-legacy-list-horizontal\">\n\t\t\t\t<a href=\"https:\/\/www.fqingenieria.com\/landing\/\" hreflang=\"es\" lang=\"es\" class=\"wpml-ls-link\" aria-label=\"Switch to ES\" title=\"Switch to ES\">\n\t\t\t\t\t<span class=\"wpml-ls-native\">ES<\/span><\/a>\n\t\t\t<\/li><li class=\"wpml-ls-slot-footer wpml-ls-item wpml-ls-item-en wpml-ls-current-language wpml-ls-item-legacy-list-horizontal\">\n\t\t\t\t<a href=\"https:\/\/www.fqingenieria.com\/landing\/en\/\" hreflang=\"en\" lang=\"en\" class=\"wpml-ls-link\" aria-current=\"page\" aria-label=\"Switch to EN\" title=\"Switch to EN\">\n\t\t\t\t\t<span class=\"wpml-ls-native\">EN<\/span><\/a>\n\t\t\t<\/li><li class=\"wpml-ls-slot-footer wpml-ls-item wpml-ls-item-pt-pt wpml-ls-last-item wpml-ls-item-legacy-list-horizontal\">\n\t\t\t\t<a href=\"https:\/\/www.fqingenieria.com\/landing\/pt-pt\/\" hreflang=\"pt-pt\" lang=\"pt-pt\" class=\"wpml-ls-link\" aria-label=\"Switch to PT\" title=\"Switch to PT\">\n\t\t\t\t\t<span class=\"wpml-ls-native\">PT<\/span><\/a>\n\t\t\t<\/li><\/ul>\n<\/div>\n[\/et_pb_text][\/et_pb_column][\/et_pb_row][\/et_pb_section][et_pb_section fb_built=&#8221;1&#8243; fullwidth=&#8221;on&#8221; _builder_version=&#8221;4.4.8&#8243;][et_pb_fullwidth_slider _builder_version=&#8221;4.4.8&#8243;][et_pb_slide _builder_version=&#8221;4.4.8&#8243; background_image=&#8221;https:\/\/www.fqingenieria.com\/landing\/wp-content\/uploads\/2020\/09\/imagen-hoja-contacto.jpg&#8221; background_enable_image=&#8221;on&#8221; sticky_transition=&#8221;on&#8221;][\/et_pb_slide][\/et_pb_fullwidth_slider][\/et_pb_section][et_pb_section fb_built=&#8221;1&#8243; fullwidth=&#8221;on&#8221; _builder_version=&#8221;4.6.6&#8243; _module_preset=&#8221;default&#8221;][et_pb_fullwidth_menu menu_id=&#8221;36&#8243; active_link_color=&#8221;#414141&#8243; logo_url_new_window=&#8221;on&#8221; disabled_on=&#8221;on|on|off&#8221; _builder_version=&#8221;4.6.6&#8243; link_option_url_new_window=&#8221;on&#8221;][\/et_pb_fullwidth_menu][\/et_pb_section][et_pb_section fb_built=&#8221;1&#8243; _builder_version=&#8221;4.4.8&#8243;][et_pb_row _builder_version=&#8221;4.4.8&#8243;][et_pb_column type=&#8221;4_4&#8243; _builder_version=&#8221;4.4.8&#8243;][et_pb_text _builder_version=&#8221;4.4.8&#8243;]<\/p>\n<h2 style=\"text-align: center;\">CONTACT US<\/h2>\n<p>&nbsp;<\/p>\n<p style=\"text-align: justify;\">Please complete the following form if you want to receive information or request a quote for our products. One of our representatives will contact you as soon as possible.<\/p>\n<p>[\/et_pb_text][\/et_pb_column][\/et_pb_row][\/et_pb_section][et_pb_section fb_built=&#8221;1&#8243; _builder_version=&#8221;4.4.8&#8243; custom_margin=&#8221;-92px|||||&#8221;][et_pb_row _builder_version=&#8221;4.4.8&#8243;][et_pb_column type=&#8221;4_4&#8243; _builder_version=&#8221;4.4.8&#8243;][et_pb_code module_class=&#8221;formulario shadowbox&#8221; _builder_version=&#8221;4.4.8&#8243; use_background_color_gradient=&#8221;on&#8221; background_color_gradient_start=&#8221;#bfc120&#8243; background_color_gradient_end=&#8221;#18739c&#8221; custom_padding=&#8221;15px|15px|15px|15px|true|true&#8221;]<pee>\n<div class=\"wpcf7 no-js\" id=\"wpcf7-f1003-o1\" lang=\"es-ES\" dir=\"ltr\">\n<div class=\"screen-reader-response\"><p role=\"status\" aria-live=\"polite\" aria-atomic=\"true\"><\/p> <ul><\/ul><\/div>\n<form action=\"\/landing\/en\/wp-json\/wp\/v2\/pages\/2844#wpcf7-f1003-o1\" method=\"post\" class=\"wpcf7-form init\" aria-label=\"Formulario de contacto\" novalidate=\"novalidate\" data-status=\"init\">\n<div style=\"display: none;\">\n<input type=\"hidden\" name=\"_wpcf7\" value=\"1003\" \/>\n<input type=\"hidden\" name=\"_wpcf7_version\" value=\"5.7.7\" \/>\n<input type=\"hidden\" name=\"_wpcf7_locale\" value=\"es_ES\" \/>\n<input type=\"hidden\" name=\"_wpcf7_unit_tag\" value=\"wpcf7-f1003-o1\" \/>\n<input type=\"hidden\" name=\"_wpcf7_container_post\" value=\"0\" \/>\n<input type=\"hidden\" name=\"_wpcf7_posted_data_hash\" value=\"\" \/>\n<input type=\"hidden\" name=\"_wpcf7_recaptcha_response\" value=\"\" \/>\n<\/div>\n<p><span class=\"wpcf7-form-control-wrap\" data-name=\"your-name\"><input size=\"40\" class=\"wpcf7-form-control wpcf7-text wpcf7-validates-as-required\" aria-required=\"true\" aria-invalid=\"false\" placeholder=\"Name*\" value=\"\" type=\"text\" name=\"your-name\" \/><\/span><br \/>\n<span class=\"wpcf7-form-control-wrap\" data-name=\"your-email\"><input size=\"40\" class=\"wpcf7-form-control wpcf7-text wpcf7-email wpcf7-validates-as-required wpcf7-validates-as-email\" aria-required=\"true\" aria-invalid=\"false\" placeholder=\"Email*\" value=\"\" type=\"email\" name=\"your-email\" \/><\/span><br \/>\n<span class=\"wpcf7-form-control-wrap\" data-name=\"your-message\"><textarea cols=\"40\" rows=\"10\" class=\"wpcf7-form-control wpcf7-textarea\" aria-invalid=\"false\" placeholder=\"Write your message\" name=\"your-message\"><\/textarea><\/span>\n<\/p>\n<div class=\"formulario-check\">\n\t<p><span class=\"wpcf7-form-control-wrap\" data-name=\"acceptance-816\"><span class=\"wpcf7-form-control wpcf7-acceptance\"><span class=\"wpcf7-list-item\"><input type=\"checkbox\" name=\"acceptance-816\" value=\"1\" aria-invalid=\"false\" \/><\/span><\/span><\/span> I have read and accept the <a target=\"_blank\" href=\"https:\/\/www.fqingenieria.com\/es\/empresa\/privacidad-y-cookies\">privacy policy<\/a>\n\t<\/p>\n<\/div>\n<p><button class=\"wpcf7-form-control has-spinner et_pb_button et_pb_bg_layout_light wpcf7-submit\" type=\"submit\" value=\"Send\">Send<\/button>\n<\/p>\n<div class=\"formulario-acceptance\">\n\t<p>On behalf of the company, we treat the information you provide us with in order to send you advertising related to our products and services by any means (postal, email or telephone) and invite you to events organized by the company. The data provided will be kept until you request the cessation of the activity. The data will not be transferred to third parties except in cases where there is a legal obligation. You have the right to obtain confirmation about whether in FQ ENGENIERIA ELECTRONICA, S.A. We are treating your personal data so you have the right to access your personal data, rectify the inaccurate data or request its deletion when the data is no longer necessary for the purposes that were collected. For more details you can consult our <a target=\"_blank\" href=\"https:\/\/www.fqingenieria.com\/es\/empresa\/privacidad-y-cookies\">privacy policy<\/a>.\n\t<\/p>\n<\/div><div class=\"wpcf7-response-output\" aria-hidden=\"true\"><\/div>\n<\/form>\n<\/div>\n<\/pee>[\/et_pb_code][\/et_pb_column][\/et_pb_row][\/et_pb_section]<\/p>\n","protected":false},"excerpt":{"rendered":"<p>T. 93 208 02 58 info@fqingenieria.com\n<div role=\"navigation\" aria-label=\"Language Switcher\" class=\"wpml-ls-statics-footer wpml-ls wpml-ls-legacy-list-horizontal\">\n\t<ul><li class=\"wpml-ls-slot-footer wpml-ls-item wpml-ls-item-es wpml-ls-first-item wpml-ls-item-legacy-list-horizontal\">\n\t\t\t\t<a href=\"https:\/\/www.fqingenieria.com\/landing\/\" hreflang=\"es\" lang=\"es\" class=\"wpml-ls-link\" aria-label=\"Switch to ES\" title=\"Switch to ES\">\n\t\t\t\t\t<span class=\"wpml-ls-native\">ES<\/span><\/a>\n\t\t\t<\/li><li class=\"wpml-ls-slot-footer wpml-ls-item wpml-ls-item-en wpml-ls-current-language wpml-ls-item-legacy-list-horizontal\">\n\t\t\t\t<a href=\"https:\/\/www.fqingenieria.com\/landing\/en\/\" hreflang=\"en\" lang=\"en\" class=\"wpml-ls-link\" aria-current=\"page\" aria-label=\"Switch to EN\" title=\"Switch to EN\">\n\t\t\t\t\t<span class=\"wpml-ls-native\">EN<\/span><\/a>\n\t\t\t<\/li><li class=\"wpml-ls-slot-footer wpml-ls-item wpml-ls-item-pt-pt wpml-ls-last-item wpml-ls-item-legacy-list-horizontal\">\n\t\t\t\t<a href=\"https:\/\/www.fqingenieria.com\/landing\/pt-pt\/\" hreflang=\"pt-pt\" lang=\"pt-pt\" class=\"wpml-ls-link\" aria-label=\"Switch to PT\" title=\"Switch to PT\">\n\t\t\t\t\t<span class=\"wpml-ls-native\">PT<\/span><\/a>\n\t\t\t<\/li><\/ul>\n<\/div>\nCONTACT US &nbsp; Please complete the following form if you want to receive information or request a quote for our products. One of our representatives will contact you as soon as possible.\n<div class=\"wpcf7 no-js\" id=\"wpcf7-f1003-o2\" lang=\"es-ES\" dir=\"ltr\">\n<div class=\"screen-reader-response\"><p role=\"status\" aria-live=\"polite\" aria-atomic=\"true\"><\/p> <ul><\/ul><\/div>\n<form action=\"\/landing\/en\/wp-json\/wp\/v2\/pages\/2844#wpcf7-f1003-o2\" method=\"post\" class=\"wpcf7-form init\" aria-label=\"Formulario de contacto\" novalidate=\"novalidate\" data-status=\"init\">\n<div style=\"display: none;\">\n<input type=\"hidden\" name=\"_wpcf7\" value=\"1003\" \/>\n<input type=\"hidden\" name=\"_wpcf7_version\" value=\"5.7.7\" \/>\n<input type=\"hidden\" name=\"_wpcf7_locale\" value=\"es_ES\" \/>\n<input type=\"hidden\" name=\"_wpcf7_unit_tag\" value=\"wpcf7-f1003-o2\" \/>\n<input type=\"hidden\" name=\"_wpcf7_container_post\" value=\"0\" \/>\n<input type=\"hidden\" name=\"_wpcf7_posted_data_hash\" value=\"\" \/>\n<input type=\"hidden\" name=\"_wpcf7_recaptcha_response\" value=\"\" \/>\n<\/div>\n<p><span class=\"wpcf7-form-control-wrap\" data-name=\"your-name\"><input size=\"40\" class=\"wpcf7-form-control wpcf7-text wpcf7-validates-as-required\" aria-required=\"true\" aria-invalid=\"false\" placeholder=\"Name*\" value=\"\" type=\"text\" name=\"your-name\" \/><\/span><br \/>\n<span class=\"wpcf7-form-control-wrap\" data-name=\"your-email\"><input size=\"40\" class=\"wpcf7-form-control wpcf7-text wpcf7-email wpcf7-validates-as-required wpcf7-validates-as-email\" aria-required=\"true\" aria-invalid=\"false\" placeholder=\"Email*\" value=\"\" type=\"email\" name=\"your-email\" \/><\/span><br \/>\n<span class=\"wpcf7-form-control-wrap\" data-name=\"your-message\"><textarea cols=\"40\" rows=\"10\" class=\"wpcf7-form-control wpcf7-textarea\" aria-invalid=\"false\" placeholder=\"Write your message\" name=\"your-message\"><\/textarea><\/span>\n<\/p>\n<div class=\"formulario-check\">\n\t<p><span class=\"wpcf7-form-control-wrap\" data-name=\"acceptance-816\"><span class=\"wpcf7-form-control wpcf7-acceptance\"><span class=\"wpcf7-list-item\"><input type=\"checkbox\" name=\"acceptance-816\" value=\"1\" aria-invalid=\"false\" \/><\/span><\/span><\/span> I have read and accept the <a target=\"_blank\" href=\"https:\/\/www.fqingenieria.com\/es\/empresa\/privacidad-y-cookies\">privacy policy<\/a>\n\t<\/p>\n<\/div>\n<p><button class=\"wpcf7-form-control has-spinner et_pb_button et_pb_bg_layout_light wpcf7-submit\" type=\"submit\" value=\"Send\">Send<\/button>\n<\/p>\n<div class=\"formulario-acceptance\">\n\t<p>On behalf of the company, we treat the information you provide us with in order to send you advertising related to our products and services by any means (postal, email or telephone) and invite you to events organized by the company. The data provided will be kept until you request the cessation of the activity. The data will not be transferred to third parties except in cases where there is a legal obligation. You have the right to obtain confirmation about whether in FQ ENGENIERIA ELECTRONICA, S.A. We are treating your personal data so you have the right to access your personal data, rectify the inaccurate data or request its deletion when the data is no longer necessary for the purposes that were collected. For more details you can consult our <a target=\"_blank\" href=\"https:\/\/www.fqingenieria.com\/es\/empresa\/privacidad-y-cookies\">privacy policy<\/a>.\n\t<\/p>\n<\/div><div class=\"wpcf7-response-output\" aria-hidden=\"true\"><\/div>\n<\/form>\n<\/div>\n<\/p>\n","protected":false},"author":2,"featured_media":0,"parent":0,"menu_order":0,"comment_status":"closed","ping_status":"closed","template":"solo_footer.php","meta":{"_et_pb_use_builder":"on","_et_pb_old_content":"","_et_gb_content_width":"","footnotes":""},"yoast_head":"<!-- This site is optimized with the Yoast SEO plugin v20.4 - https:\/\/yoast.com\/wordpress\/plugins\/seo\/ -->\n<title>Contact Form Chainway Android handhelds - FQ Ingenier\u00eda Electr\u00f3nica<\/title>\n<meta name=\"description\" content=\"Rugged Android Chainway handhelds. Barcode and RFID UHF reading. Wholesaler and authorized technical service.\" \/>\n<meta name=\"robots\" content=\"index, follow, max-snippet:-1, max-image-preview:large, max-video-preview:-1\" \/>\n<link rel=\"canonical\" href=\"https:\/\/www.fqingenieria.com\/landing\/en\/contact-form-chainway-android-handhelds\/\" \/>\n<meta property=\"og:locale\" content=\"en_US\" \/>\n<meta property=\"og:type\" content=\"article\" \/>\n<meta property=\"og:title\" content=\"Contact Form Chainway Android handhelds - FQ Ingenier\u00eda Electr\u00f3nica\" \/>\n<meta property=\"og:description\" content=\"Rugged Android Chainway handhelds. Barcode and RFID UHF reading. Wholesaler and authorized technical service.\" \/>\n<meta property=\"og:url\" content=\"https:\/\/www.fqingenieria.com\/landing\/en\/contact-form-chainway-android-handhelds\/\" \/>\n<meta property=\"og:site_name\" content=\"FQ Ingenier\u00eda Electr\u00f3nica\" \/>\n<meta name=\"twitter:card\" content=\"summary_large_image\" \/>\n<meta name=\"twitter:label1\" content=\"Est. reading time\" \/>\n\t<meta name=\"twitter:data1\" content=\"2 minutes\" \/>\n<script type=\"application\/ld+json\" class=\"yoast-schema-graph\">{\"@context\":\"https:\/\/schema.org\",\"@graph\":[{\"@type\":\"WebPage\",\"@id\":\"https:\/\/www.fqingenieria.com\/landing\/en\/contact-form-chainway-android-handhelds\/\",\"url\":\"https:\/\/www.fqingenieria.com\/landing\/en\/contact-form-chainway-android-handhelds\/\",\"name\":\"Contact Form Chainway Android handhelds - FQ Ingenier\u00eda Electr\u00f3nica\",\"isPartOf\":{\"@id\":\"https:\/\/www.fqingenieria.com\/landing\/en\/#website\"},\"datePublished\":\"2020-11-18T12:07:49+00:00\",\"dateModified\":\"2020-11-18T12:07:49+00:00\",\"description\":\"Rugged Android Chainway handhelds. Barcode and RFID UHF reading. Wholesaler and authorized technical service.\",\"breadcrumb\":{\"@id\":\"https:\/\/www.fqingenieria.com\/landing\/en\/contact-form-chainway-android-handhelds\/#breadcrumb\"},\"inLanguage\":\"en-US\",\"potentialAction\":[{\"@type\":\"ReadAction\",\"target\":[\"https:\/\/www.fqingenieria.com\/landing\/en\/contact-form-chainway-android-handhelds\/\"]}]},{\"@type\":\"BreadcrumbList\",\"@id\":\"https:\/\/www.fqingenieria.com\/landing\/en\/contact-form-chainway-android-handhelds\/#breadcrumb\",\"itemListElement\":[{\"@type\":\"ListItem\",\"position\":1,\"name\":\"Portada\",\"item\":\"https:\/\/www.fqingenieria.com\/landing\/en\/\"},{\"@type\":\"ListItem\",\"position\":2,\"name\":\"Contact Form Chainway Android handhelds\"}]},{\"@type\":\"WebSite\",\"@id\":\"https:\/\/www.fqingenieria.com\/landing\/en\/#website\",\"url\":\"https:\/\/www.fqingenieria.com\/landing\/en\/\",\"name\":\"FQ Ingenier\u00eda Electr\u00f3nica\",\"description\":\"Soluciones de identificaci\u00f3n por tarjeta, identificaci\u00f3n por rfid,  impresoras t\u00e9rmicas, lectores magn\u00e9ticos, teclados y sistemas de cursor industriales.\",\"potentialAction\":[{\"@type\":\"SearchAction\",\"target\":{\"@type\":\"EntryPoint\",\"urlTemplate\":\"https:\/\/www.fqingenieria.com\/landing\/en\/?s={search_term_string}\"},\"query-input\":\"required name=search_term_string\"}],\"inLanguage\":\"en-US\"}]}<\/script>\n<!-- \/ Yoast SEO plugin. -->","yoast_head_json":{"title":"Contact Form Chainway Android handhelds - FQ Ingenier\u00eda Electr\u00f3nica","description":"Rugged Android Chainway handhelds. Barcode and RFID UHF reading. Wholesaler and authorized technical service.","robots":{"index":"index","follow":"follow","max-snippet":"max-snippet:-1","max-image-preview":"max-image-preview:large","max-video-preview":"max-video-preview:-1"},"canonical":"https:\/\/www.fqingenieria.com\/landing\/en\/contact-form-chainway-android-handhelds\/","og_locale":"en_US","og_type":"article","og_title":"Contact Form Chainway Android handhelds - FQ Ingenier\u00eda Electr\u00f3nica","og_description":"Rugged Android Chainway handhelds. Barcode and RFID UHF reading. Wholesaler and authorized technical service.","og_url":"https:\/\/www.fqingenieria.com\/landing\/en\/contact-form-chainway-android-handhelds\/","og_site_name":"FQ Ingenier\u00eda Electr\u00f3nica","twitter_card":"summary_large_image","twitter_misc":{"Est. reading time":"2 minutes"},"schema":{"@context":"https:\/\/schema.org","@graph":[{"@type":"WebPage","@id":"https:\/\/www.fqingenieria.com\/landing\/en\/contact-form-chainway-android-handhelds\/","url":"https:\/\/www.fqingenieria.com\/landing\/en\/contact-form-chainway-android-handhelds\/","name":"Contact Form Chainway Android handhelds - FQ Ingenier\u00eda Electr\u00f3nica","isPartOf":{"@id":"https:\/\/www.fqingenieria.com\/landing\/en\/#website"},"datePublished":"2020-11-18T12:07:49+00:00","dateModified":"2020-11-18T12:07:49+00:00","description":"Rugged Android Chainway handhelds. Barcode and RFID UHF reading. Wholesaler and authorized technical service.","breadcrumb":{"@id":"https:\/\/www.fqingenieria.com\/landing\/en\/contact-form-chainway-android-handhelds\/#breadcrumb"},"inLanguage":"en-US","potentialAction":[{"@type":"ReadAction","target":["https:\/\/www.fqingenieria.com\/landing\/en\/contact-form-chainway-android-handhelds\/"]}]},{"@type":"BreadcrumbList","@id":"https:\/\/www.fqingenieria.com\/landing\/en\/contact-form-chainway-android-handhelds\/#breadcrumb","itemListElement":[{"@type":"ListItem","position":1,"name":"Portada","item":"https:\/\/www.fqingenieria.com\/landing\/en\/"},{"@type":"ListItem","position":2,"name":"Contact Form Chainway Android handhelds"}]},{"@type":"WebSite","@id":"https:\/\/www.fqingenieria.com\/landing\/en\/#website","url":"https:\/\/www.fqingenieria.com\/landing\/en\/","name":"FQ Ingenier\u00eda Electr\u00f3nica","description":"Soluciones de identificaci\u00f3n por tarjeta, identificaci\u00f3n por rfid,  impresoras t\u00e9rmicas, lectores magn\u00e9ticos, teclados y sistemas de cursor industriales.","potentialAction":[{"@type":"SearchAction","target":{"@type":"EntryPoint","urlTemplate":"https:\/\/www.fqingenieria.com\/landing\/en\/?s={search_term_string}"},"query-input":"required name=search_term_string"}],"inLanguage":"en-US"}]}},"_links":{"self":[{"href":"https:\/\/www.fqingenieria.com\/landing\/en\/wp-json\/wp\/v2\/pages\/2844"}],"collection":[{"href":"https:\/\/www.fqingenieria.com\/landing\/en\/wp-json\/wp\/v2\/pages"}],"about":[{"href":"https:\/\/www.fqingenieria.com\/landing\/en\/wp-json\/wp\/v2\/types\/page"}],"author":[{"embeddable":true,"href":"https:\/\/www.fqingenieria.com\/landing\/en\/wp-json\/wp\/v2\/users\/2"}],"replies":[{"embeddable":true,"href":"https:\/\/www.fqingenieria.com\/landing\/en\/wp-json\/wp\/v2\/comments?post=2844"}],"version-history":[{"count":5,"href":"https:\/\/www.fqingenieria.com\/landing\/en\/wp-json\/wp\/v2\/pages\/2844\/revisions"}],"predecessor-version":[{"id":7524,"href":"https:\/\/www.fqingenieria.com\/landing\/en\/wp-json\/wp\/v2\/pages\/2844\/revisions\/7524"}],"wp:attachment":[{"href":"https:\/\/www.fqingenieria.com\/landing\/en\/wp-json\/wp\/v2\/media?parent=2844"}],"curies":[{"name":"wp","href":"https:\/\/api.w.org\/{rel}","templated":true}]}}