{"id":1352,"date":"2019-08-12T13:52:44","date_gmt":"2019-08-12T11:52:44","guid":{"rendered":"https:\/\/www.fqingenieria.com\/landing\/privacidad-y-cookies\/"},"modified":"2021-09-09T13:39:56","modified_gmt":"2021-09-09T11:39:56","slug":"privacy-and-cookies","status":"publish","type":"page","link":"https:\/\/www.fqingenieria.com\/landing\/en\/privacy-and-cookies\/","title":{"rendered":"Privacy and Cookies"},"content":{"rendered":"<p>[et_pb_section fb_built=&#8221;1&#8243; module_id=&#8221;header_top&#8221; _builder_version=&#8221;3.22.3&#8243; custom_margin=&#8221;10px||10px&#8221; custom_padding=&#8221;0||||false|false&#8221; saved_tabs=&#8221;all&#8221; global_colors_info=&#8221;{}&#8221;][et_pb_row column_structure=&#8221;1_3,1_3,1_3&#8243; module_class=&#8221;custom_row&#8221; _builder_version=&#8221;3.25&#8243; max_width_phone=&#8221;50%&#8221; max_width_last_edited=&#8221;off|phone&#8221; custom_padding=&#8221;0|0px|0|0px|false|false&#8221; global_colors_info=&#8221;{}&#8221;][et_pb_column type=&#8221;1_3&#8243; module_class=&#8221;first-on-mobile two-columns&#8221; _builder_version=&#8221;3.25&#8243; custom_padding=&#8221;|||&#8221; global_colors_info=&#8221;{}&#8221; custom_padding__hover=&#8221;|||&#8221;][et_pb_text _builder_version=&#8221;3.27.4&#8243; text_font=&#8221;||||||||&#8221; text_text_color=&#8221;#414141&#8243; text_font_size=&#8221;16px&#8221; text_letter_spacing=&#8221;1px&#8221; text_line_height=&#8221;1.5em&#8221; text_orientation=&#8221;right&#8221; global_colors_info=&#8221;{}&#8221;]<\/p>\n<p style=\"text-align: left;\"><a href=\"tel:+34932080258\"><strong>T. +34 932 080 258<\/strong><\/a><br \/> <strong> <a href=\"mailto:info@fqingenieria.com\">info@fqingenieria.com<\/a><\/strong><\/p>\n<p>[\/et_pb_text][\/et_pb_column][et_pb_column type=&#8221;1_3&#8243; module_class=&#8221;third-on-mobile&#8221; _builder_version=&#8221;3.25&#8243; custom_padding=&#8221;|||&#8221; global_colors_info=&#8221;{}&#8221; custom_padding__hover=&#8221;|||&#8221;][et_pb_image src=&#8221;https:\/\/www.fqingenieria.com\/landing\/wp-content\/uploads\/2019\/04\/logo_fq.png&#8221; url=&#8221;https:\/\/www.fqingenieria.com&#8221; url_new_window=&#8221;on&#8221; show_bottom_space=&#8221;off&#8221; align=&#8221;center&#8221; align_tablet=&#8221;center&#8221; align_phone=&#8221;&#8221; align_last_edited=&#8221;on|desktop&#8221; _builder_version=&#8221;3.23.3&#8243; max_width=&#8221;50%&#8221; custom_padding=&#8221;||&#8221; global_colors_info=&#8221;{}&#8221;][\/et_pb_image][\/et_pb_column][et_pb_column type=&#8221;1_3&#8243; module_class=&#8221;second-on-mobile two-columns&#8221; _builder_version=&#8221;3.25&#8243; custom_padding=&#8221;|||&#8221; global_colors_info=&#8221;{}&#8221; custom_padding__hover=&#8221;|||&#8221;][et_pb_text _builder_version=&#8221;3.27.4&#8243; global_colors_info=&#8221;{}&#8221;]<span>\n<div role=\"navigation\" aria-label=\"Language Switcher\" class=\"wpml-ls-statics-footer wpml-ls wpml-ls-legacy-list-horizontal\">\n\t<ul><li class=\"wpml-ls-slot-footer wpml-ls-item wpml-ls-item-es wpml-ls-first-item wpml-ls-item-legacy-list-horizontal\">\n\t\t\t\t<a href=\"https:\/\/www.fqingenieria.com\/landing\/\" hreflang=\"es\" lang=\"es\" class=\"wpml-ls-link\" aria-label=\"Switch to ES\" title=\"Switch to ES\">\n\t\t\t\t\t<span class=\"wpml-ls-native\">ES<\/span><\/a>\n\t\t\t<\/li><li class=\"wpml-ls-slot-footer wpml-ls-item wpml-ls-item-en wpml-ls-current-language wpml-ls-item-legacy-list-horizontal\">\n\t\t\t\t<a href=\"https:\/\/www.fqingenieria.com\/landing\/en\/\" hreflang=\"en\" lang=\"en\" class=\"wpml-ls-link\" aria-current=\"page\" aria-label=\"Switch to EN\" title=\"Switch to EN\">\n\t\t\t\t\t<span class=\"wpml-ls-native\">EN<\/span><\/a>\n\t\t\t<\/li><li class=\"wpml-ls-slot-footer wpml-ls-item wpml-ls-item-pt-pt wpml-ls-last-item wpml-ls-item-legacy-list-horizontal\">\n\t\t\t\t<a href=\"https:\/\/www.fqingenieria.com\/landing\/pt-pt\/\" hreflang=\"pt-pt\" lang=\"pt-pt\" class=\"wpml-ls-link\" aria-label=\"Switch to PT\" title=\"Switch to PT\">\n\t\t\t\t\t<span class=\"wpml-ls-native\">PT<\/span><\/a>\n\t\t\t<\/li><\/ul>\n<\/div>\n<\/span>[\/et_pb_text][\/et_pb_column][\/et_pb_row][\/et_pb_section][et_pb_section fb_built=&#8221;1&#8243; _builder_version=&#8221;3.22.3&#8243; min_height=&#8221;778px&#8221; custom_margin=&#8221;-3px|||||&#8221; custom_padding=&#8221;39px|0px|50px|0px|false|false&#8221; global_colors_info=&#8221;{}&#8221;][et_pb_row _builder_version=&#8221;3.25&#8243; global_colors_info=&#8221;{}&#8221;][et_pb_column type=&#8221;4_4&#8243; _builder_version=&#8221;3.25&#8243; custom_padding=&#8221;|||&#8221; global_colors_info=&#8221;{}&#8221; custom_padding__hover=&#8221;|||&#8221;][et_pb_text _builder_version=&#8221;3.27.4&#8243; header_font=&#8221;||||||||&#8221; header_font_size=&#8221;52px&#8221; custom_padding=&#8221;||0px|||&#8221; global_colors_info=&#8221;{}&#8221;]<\/p>\n<h1 style=\"text-align: center;\">Privacy and Cookies<\/h1>\n<p>[\/et_pb_text][et_pb_text _builder_version=&#8221;3.27.4&#8243; global_colors_info=&#8221;{}&#8221;]<\/p>\n<p>F.Q. INGENIERIA ELECTR\u00d3NICA, S.A., with C.I.F. A-08955809, located at (08812) Sant Pere de Ribes (BARCELONA), Avinguda Roquetes n\u00ba 9 and registered in the Mercantile Registry of Barcelona at volume 26.097, folio 111, page B-73589, hereinafter, as a service provider , responsible for the website, makes this service available to customers and users, committing to respect and protect the privacy of all persons who access it, and in accordance with the provisions of Regulation (EU) 2016\/679 of the European Parliament and of the Council of April 27, 2016 (GDPR), informs all users of the website that they provide or will provide their personal or professional data, that these will be incorporated into an automated file.<\/p>\n<p>The provider reserves the right to modify this data protection policy, as a consequence of the requirements of the legal regulations and, for that reason, it is recommended to periodically consult this data privacy protection policy.<\/p>\n<p>&nbsp;<\/p>\n<p>For the full privacy and cookies pollicity, consult:<\/p>\n<p><a href=\"https:\/\/www.fqingenieria.com\/es\/empresa\/privacidad-y-cookies\" target=\"_blank\" rel=\"noopener noreferrer\">https:\/\/www.fqingenieria.com\/es\/empresa\/privacidad-y-cookies<\/a><\/p>\n<p>[\/et_pb_text][\/et_pb_column][\/et_pb_row][\/et_pb_section][et_pb_section fb_built=&#8221;1&#8243; _builder_version=&#8221;3.22.3&#8243; background_color=&#8221;#e17f3a&#8221; custom_padding=&#8221;30px|0px|54px|0px|false|false&#8221; global_colors_info=&#8221;{}&#8221;][et_pb_row _builder_version=&#8221;3.25&#8243; custom_padding=&#8221;27px|0px|0|0px|false|false&#8221; global_colors_info=&#8221;{}&#8221;][et_pb_column type=&#8221;4_4&#8243; _builder_version=&#8221;3.25&#8243; custom_padding=&#8221;|||&#8221; global_colors_info=&#8221;{}&#8221; custom_padding__hover=&#8221;|||&#8221;][et_pb_cta title=&#8221;For more information, visit our main website&#8221; button_url=&#8221;https:\/\/www.fqingenieria.com&#8221; url_new_window=&#8221;on&#8221; button_text=&#8221;visit website&#8221; _builder_version=&#8221;3.26.6&#8243; use_background_color=&#8221;off&#8221; border_radii=&#8221;on|6px|6px|6px|6px&#8221; global_colors_info=&#8221;{}&#8221;]<\/p>\n<p>Hardware and engineering solutions<\/p>\n<p>[\/et_pb_cta][\/et_pb_column][\/et_pb_row][\/et_pb_section]<\/p>\n","protected":false},"excerpt":{"rendered":"<p>T. +34 932 080 258 info@fqingenieria.com\n<div role=\"navigation\" aria-label=\"Language Switcher\" class=\"wpml-ls-statics-footer wpml-ls wpml-ls-legacy-list-horizontal\">\n\t<ul><li class=\"wpml-ls-slot-footer wpml-ls-item wpml-ls-item-es wpml-ls-first-item wpml-ls-item-legacy-list-horizontal\">\n\t\t\t\t<a href=\"https:\/\/www.fqingenieria.com\/landing\/\" hreflang=\"es\" lang=\"es\" class=\"wpml-ls-link\" aria-label=\"Switch to ES\" title=\"Switch to ES\">\n\t\t\t\t\t<span class=\"wpml-ls-native\">ES<\/span><\/a>\n\t\t\t<\/li><li class=\"wpml-ls-slot-footer wpml-ls-item wpml-ls-item-en wpml-ls-current-language wpml-ls-item-legacy-list-horizontal\">\n\t\t\t\t<a href=\"https:\/\/www.fqingenieria.com\/landing\/en\/\" hreflang=\"en\" lang=\"en\" class=\"wpml-ls-link\" aria-current=\"page\" aria-label=\"Switch to EN\" title=\"Switch to EN\">\n\t\t\t\t\t<span class=\"wpml-ls-native\">EN<\/span><\/a>\n\t\t\t<\/li><li class=\"wpml-ls-slot-footer wpml-ls-item wpml-ls-item-pt-pt wpml-ls-last-item wpml-ls-item-legacy-list-horizontal\">\n\t\t\t\t<a href=\"https:\/\/www.fqingenieria.com\/landing\/pt-pt\/\" hreflang=\"pt-pt\" lang=\"pt-pt\" class=\"wpml-ls-link\" aria-label=\"Switch to PT\" title=\"Switch to PT\">\n\t\t\t\t\t<span class=\"wpml-ls-native\">PT<\/span><\/a>\n\t\t\t<\/li><\/ul>\n<\/div>\nPrivacy and CookiesF.Q. INGENIERIA ELECTR\u00d3NICA, S.A., with C.I.F. A-08955809, located at (08812) Sant Pere de Ribes (BARCELONA), Avinguda Roquetes n\u00ba 9 and registered in the Mercantile Registry of Barcelona at volume 26.097, folio 111, page B-73589, hereinafter, as a service provider , responsible for the website, [&hellip;]<\/p>\n","protected":false},"author":1,"featured_media":0,"parent":0,"menu_order":0,"comment_status":"closed","ping_status":"closed","template":"solo_footer.php","meta":{"_et_pb_use_builder":"on","_et_pb_old_content":"","_et_gb_content_width":"","footnotes":""},"yoast_head":"<!-- This site is optimized with the Yoast SEO plugin v20.4 - https:\/\/yoast.com\/wordpress\/plugins\/seo\/ -->\n<title>Privacy and Cookies - FQ Ingenier\u00eda Electr\u00f3nica<\/title>\n<meta name=\"robots\" content=\"index, follow, max-snippet:-1, max-image-preview:large, max-video-preview:-1\" \/>\n<link rel=\"canonical\" href=\"https:\/\/www.fqingenieria.com\/landing\/en\/privacy-and-cookies\/\" \/>\n<meta property=\"og:locale\" content=\"en_US\" \/>\n<meta property=\"og:type\" content=\"article\" \/>\n<meta property=\"og:title\" content=\"Privacy and Cookies - FQ Ingenier\u00eda Electr\u00f3nica\" \/>\n<meta property=\"og:description\" content=\"T. +34 932 080 258 info@fqingenieria.comPrivacy and CookiesF.Q. INGENIERIA ELECTR\u00d3NICA, S.A., with C.I.F. A-08955809, located at (08812) Sant Pere de Ribes (BARCELONA), Avinguda Roquetes n\u00ba 9 and registered in the Mercantile Registry of Barcelona at volume 26.097, folio 111, page B-73589, hereinafter, as a service provider , responsible for the website, [&hellip;]\" \/>\n<meta property=\"og:url\" content=\"https:\/\/www.fqingenieria.com\/landing\/en\/privacy-and-cookies\/\" \/>\n<meta property=\"og:site_name\" content=\"FQ Ingenier\u00eda Electr\u00f3nica\" \/>\n<meta property=\"article:modified_time\" content=\"2021-09-09T11:39:56+00:00\" \/>\n<meta name=\"twitter:card\" content=\"summary_large_image\" \/>\n<meta name=\"twitter:label1\" content=\"Est. reading time\" \/>\n\t<meta name=\"twitter:data1\" content=\"3 minutes\" \/>\n<script type=\"application\/ld+json\" class=\"yoast-schema-graph\">{\"@context\":\"https:\/\/schema.org\",\"@graph\":[{\"@type\":\"WebPage\",\"@id\":\"https:\/\/www.fqingenieria.com\/landing\/en\/privacy-and-cookies\/\",\"url\":\"https:\/\/www.fqingenieria.com\/landing\/en\/privacy-and-cookies\/\",\"name\":\"Privacy and Cookies - FQ Ingenier\u00eda Electr\u00f3nica\",\"isPartOf\":{\"@id\":\"https:\/\/www.fqingenieria.com\/landing\/en\/#website\"},\"datePublished\":\"2019-08-12T11:52:44+00:00\",\"dateModified\":\"2021-09-09T11:39:56+00:00\",\"breadcrumb\":{\"@id\":\"https:\/\/www.fqingenieria.com\/landing\/en\/privacy-and-cookies\/#breadcrumb\"},\"inLanguage\":\"en-US\",\"potentialAction\":[{\"@type\":\"ReadAction\",\"target\":[\"https:\/\/www.fqingenieria.com\/landing\/en\/privacy-and-cookies\/\"]}]},{\"@type\":\"BreadcrumbList\",\"@id\":\"https:\/\/www.fqingenieria.com\/landing\/en\/privacy-and-cookies\/#breadcrumb\",\"itemListElement\":[{\"@type\":\"ListItem\",\"position\":1,\"name\":\"Portada\",\"item\":\"https:\/\/www.fqingenieria.com\/landing\/en\/\"},{\"@type\":\"ListItem\",\"position\":2,\"name\":\"Privacy and Cookies\"}]},{\"@type\":\"WebSite\",\"@id\":\"https:\/\/www.fqingenieria.com\/landing\/en\/#website\",\"url\":\"https:\/\/www.fqingenieria.com\/landing\/en\/\",\"name\":\"FQ Ingenier\u00eda Electr\u00f3nica\",\"description\":\"Soluciones de identificaci\u00f3n por tarjeta, identificaci\u00f3n por rfid,  impresoras t\u00e9rmicas, lectores magn\u00e9ticos, teclados y sistemas de cursor industriales.\",\"potentialAction\":[{\"@type\":\"SearchAction\",\"target\":{\"@type\":\"EntryPoint\",\"urlTemplate\":\"https:\/\/www.fqingenieria.com\/landing\/en\/?s={search_term_string}\"},\"query-input\":\"required name=search_term_string\"}],\"inLanguage\":\"en-US\"}]}<\/script>\n<!-- \/ Yoast SEO plugin. -->","yoast_head_json":{"title":"Privacy and Cookies - FQ Ingenier\u00eda Electr\u00f3nica","robots":{"index":"index","follow":"follow","max-snippet":"max-snippet:-1","max-image-preview":"max-image-preview:large","max-video-preview":"max-video-preview:-1"},"canonical":"https:\/\/www.fqingenieria.com\/landing\/en\/privacy-and-cookies\/","og_locale":"en_US","og_type":"article","og_title":"Privacy and Cookies - FQ Ingenier\u00eda Electr\u00f3nica","og_description":"T. +34 932 080 258 info@fqingenieria.comPrivacy and CookiesF.Q. INGENIERIA ELECTR\u00d3NICA, S.A., with C.I.F. A-08955809, located at (08812) Sant Pere de Ribes (BARCELONA), Avinguda Roquetes n\u00ba 9 and registered in the Mercantile Registry of Barcelona at volume 26.097, folio 111, page B-73589, hereinafter, as a service provider , responsible for the website, [&hellip;]","og_url":"https:\/\/www.fqingenieria.com\/landing\/en\/privacy-and-cookies\/","og_site_name":"FQ Ingenier\u00eda Electr\u00f3nica","article_modified_time":"2021-09-09T11:39:56+00:00","twitter_card":"summary_large_image","twitter_misc":{"Est. reading time":"3 minutes"},"schema":{"@context":"https:\/\/schema.org","@graph":[{"@type":"WebPage","@id":"https:\/\/www.fqingenieria.com\/landing\/en\/privacy-and-cookies\/","url":"https:\/\/www.fqingenieria.com\/landing\/en\/privacy-and-cookies\/","name":"Privacy and Cookies - FQ Ingenier\u00eda Electr\u00f3nica","isPartOf":{"@id":"https:\/\/www.fqingenieria.com\/landing\/en\/#website"},"datePublished":"2019-08-12T11:52:44+00:00","dateModified":"2021-09-09T11:39:56+00:00","breadcrumb":{"@id":"https:\/\/www.fqingenieria.com\/landing\/en\/privacy-and-cookies\/#breadcrumb"},"inLanguage":"en-US","potentialAction":[{"@type":"ReadAction","target":["https:\/\/www.fqingenieria.com\/landing\/en\/privacy-and-cookies\/"]}]},{"@type":"BreadcrumbList","@id":"https:\/\/www.fqingenieria.com\/landing\/en\/privacy-and-cookies\/#breadcrumb","itemListElement":[{"@type":"ListItem","position":1,"name":"Portada","item":"https:\/\/www.fqingenieria.com\/landing\/en\/"},{"@type":"ListItem","position":2,"name":"Privacy and Cookies"}]},{"@type":"WebSite","@id":"https:\/\/www.fqingenieria.com\/landing\/en\/#website","url":"https:\/\/www.fqingenieria.com\/landing\/en\/","name":"FQ Ingenier\u00eda Electr\u00f3nica","description":"Soluciones de identificaci\u00f3n por tarjeta, identificaci\u00f3n por rfid,  impresoras t\u00e9rmicas, lectores magn\u00e9ticos, teclados y sistemas de cursor industriales.","potentialAction":[{"@type":"SearchAction","target":{"@type":"EntryPoint","urlTemplate":"https:\/\/www.fqingenieria.com\/landing\/en\/?s={search_term_string}"},"query-input":"required name=search_term_string"}],"inLanguage":"en-US"}]}},"_links":{"self":[{"href":"https:\/\/www.fqingenieria.com\/landing\/en\/wp-json\/wp\/v2\/pages\/1352"}],"collection":[{"href":"https:\/\/www.fqingenieria.com\/landing\/en\/wp-json\/wp\/v2\/pages"}],"about":[{"href":"https:\/\/www.fqingenieria.com\/landing\/en\/wp-json\/wp\/v2\/types\/page"}],"author":[{"embeddable":true,"href":"https:\/\/www.fqingenieria.com\/landing\/en\/wp-json\/wp\/v2\/users\/1"}],"replies":[{"embeddable":true,"href":"https:\/\/www.fqingenieria.com\/landing\/en\/wp-json\/wp\/v2\/comments?post=1352"}],"version-history":[{"count":12,"href":"https:\/\/www.fqingenieria.com\/landing\/en\/wp-json\/wp\/v2\/pages\/1352\/revisions"}],"predecessor-version":[{"id":8287,"href":"https:\/\/www.fqingenieria.com\/landing\/en\/wp-json\/wp\/v2\/pages\/1352\/revisions\/8287"}],"wp:attachment":[{"href":"https:\/\/www.fqingenieria.com\/landing\/en\/wp-json\/wp\/v2\/media?parent=1352"}],"curies":[{"name":"wp","href":"https:\/\/api.w.org\/{rel}","templated":true}]}}